{"id":2617,"date":"2015-02-12T18:17:06","date_gmt":"2015-02-12T17:17:06","guid":{"rendered":"https:\/\/www.avides.com\/prawo-odstapienia-od-umowy-i-regulamin\/"},"modified":"2015-02-12T18:17:06","modified_gmt":"2015-02-12T17:17:06","slug":"prawo-odstapienia-od-umowy-i-regulamin","status":"publish","type":"page","link":"https:\/\/www.avides.com\/pl\/prawo-odstapienia-od-umowy-i-regulamin\/","title":{"rendered":"Prawo odst\u0105pienia od umowy i regulamin"},"content":{"rendered":"<p>Prawo odst\u0105pienia od umowy dotyczy konsument\u00f3w zgodnie z \u00a7 13 niemieckiego kodeksu cywilnego na terenie Unii Europejskiej. Za konsumenta uwa\u017ca si\u0119 osob\u0119 fizyczn\u0105 dokonuj\u0105c\u0105 czynno\u015bci prawnej niezwi\u0105zanej bezpo\u015brednio z jej dzia\u0142alno\u015bci\u0105 gospodarcz\u0105 lub zawodow\u0105. Na AVIDES Media AG ci\u0105\u017cy obowi\u0105zek sprawdzenia statusu konsumenta.<\/p>\n<p>Prawo odst\u0105pienia od umowy nie istnieje w przypadku um\u00f3w zawieranych na odleg\u0142o\u015b\u0107 dotycz\u0105cych<br \/>\n\u2013 dostawy zapiecz\u0119towanego towaru, kt\u00f3rego ze wzgl\u0119du na ochron\u0119 zdrowia lub ze wzgl\u0119d\u00f3w higienicznych nie mo\u017cna zwr\u00f3ci\u0107, je\u017celi opakowanie zosta\u0142o usuni\u0119te po dostarczeniu,<br \/>\n\u2013 dostawy nagra\u0144 audio lub video lub oprogramowania komputerowego w zapiecz\u0119towanym opakowaniu, je\u015bli opakowanie zosta\u0142o usuni\u0119te po dostarczeniu.<br \/>\nEs bestehen die gesetzlichen Gew\u00e4hrleistungsrechte.<br \/>\nDas Widerrufsrecht gilt f\u00fcr Verbraucher gem\u00e4\u00df \u00a7 13 BGB innerhalb der Europ\u00e4ischen Union. Verbraucher ist jede nat\u00fcrliche Person, die ein Rechtsgesch\u00e4ft zu einem Zwecke abschlie\u00dft, der weder ihrer gewerblichen noch ihrer selbst\u00e4ndigen beruflichen T\u00e4tigkeit zugerechnet werden kann. Die Pr\u00fcfung der Verbrauchereigenschaft obliegt der AVIDES Media AG.<\/p>\n<p>Das Widerrufsrecht besteht nicht bei Fernabsatzvertr\u00e4gen<br \/>\n&#8211; zur Lieferung versiegelter Waren, die aus Gr\u00fcnden des Gesundheitsschutzes oder der Hygiene nicht<br \/>\nzur R\u00fcckgabe geeignet sind, wenn ihre Versiegelung nach der Lieferung entfernt wurde<br \/>\n&#8211; zur Lieferung von Ton- oder Videoaufnahmen oder Computersoftware in einer versiegelten Packung,<br \/>\nwenn die Versiegelung nach der Lieferung entfernt wurde.<\/p>\n<h2>Widerrufsbelehrung<\/h2>\n<h3>Widerrufsrecht<\/h3>\n<p>Sie haben das Recht, binnen eines Monats ohne Angabe von Gr\u00fcnden diesen Vertrag zu widerrufen.<\/p>\n<p>Die Widerrufsfrist betr\u00e4gt einen Monat ab dem Tag, an dem Sie oder ein von Ihnen benannter Dritter, der nicht der Bef\u00f6rderer ist, die letzte Ware in Besitz genommen haben bzw. hat.<\/p>\n<p>Um Ihr Widerrufsrecht auszu\u00fcben, m\u00fcssen Sie uns (AVIDES Media AG, Avidesweg 1, 27386 Hemsb\u00fcnde, Tel: 04261-962882, Fax: 04261-962883, E-Mail: kundenservice@avides.com) mittels einer eindeutigen Erkl\u00e4rung (z. B. ein mit der Post versandter Brief, Telefax oder E-Mail) \u00fcber Ihren Entschluss, diesen Vertrag zu widerrufen, informieren. Sie k\u00f6nnen daf\u00fcr das beigef\u00fcgte Muster-Widerrufsformular verwenden, das jedoch nicht vorgeschrieben ist.<\/p>\n<p>Zur Wahrung der Widerrufsfrist reicht es aus, dass Sie die Mitteilung \u00fcber die Aus\u00fcbung des Widerrufsrechts vor Ablauf der Widerrufsfrist absenden.<\/p>\n<h3>Folgen des Widerrufs<\/h3>\n<p>Wenn Sie diesen Vertrag widerrufen, haben wir Ihnen alle Zahlungen, die wir von Ihnen erhalten haben, einschlie\u00dflich der Lieferkosten (mit Ausnahme der zus\u00e4tzlichen Kosten, die sich daraus ergeben, dass Sie eine andere Art der Lieferung als die von uns angebotene, g\u00fcnstigste Standardlieferung gew\u00e4hlt haben), unverz\u00fcglich und sp\u00e4testens binnen vierzehn Tagen ab dem Tag zur\u00fcckzuzahlen, an dem die Mitteilung \u00fcber Ihren Widerruf dieses Vertrags bei uns eingegangen ist. F\u00fcr diese R\u00fcckzahlung verwenden wir dasselbe Zahlungsmittel, das Sie bei der urspr\u00fcnglichen Transaktion eingesetzt haben, es sei denn, mit Ihnen wurde ausdr\u00fccklich etwas anderes vereinbart; in keinem Fall werden Ihnen wegen dieser R\u00fcckzahlung Entgelte berechnet. Wir k\u00f6nnen die R\u00fcckzahlung verweigern, bis wir die Waren wieder zur\u00fcckerhalten haben oder bis Sie den Nachweis erbracht haben, dass Sie die Waren zur\u00fcckgesandt haben, je nachdem, welches der fr\u00fchere Zeitpunkt ist.<\/p>\n<p>Sie haben die Waren unverz\u00fcglich und in jedem Fall sp\u00e4testens binnen vierzehn Tagen ab dem Tag, an dem Sie uns \u00fcber den Widerruf dieses Vertrags unterrichten, an uns zur\u00fcckzusenden oder zu \u00fcbergeben. Die Frist ist gewahrt, wenn Sie die Waren vor Ablauf der Frist von vierzehn Tagen absenden. Sie tragen die unmittelbaren Kosten der R\u00fccksendung der Waren. Waren, die aufgrund ihrer Beschaffenheit nicht normal mit der Post zur\u00fcckgesandt werden k\u00f6nnen, holen wir auf unsere Kosten ab.<\/p>\n<p>Sie m\u00fcssen f\u00fcr einen etwaigen Wertverlust der Waren nur aufkommen, wenn dieser Wertverlust auf einen zur Pr\u00fcfung der Beschaffenheit, Eigenschaften und Funktionsweise der Waren nicht notwendigen Umgang mit ihnen zur\u00fcckzuf\u00fchren ist.<\/p>\n<h3>Muster-Widerrufsformular<\/h3>\n<p>(Wenn Sie den Vertrag widerrufen wollen, dann f\u00fcllen Sie bitte dieses Formular aus und senden Sie es zur\u00fcck.)<\/p>\n<p>An AVIDES Media AG, Avidesweg 1, 27386 Hemsb\u00fcnde, Tel: 04261-962882, Fax: 04261-962883, E-Mail: kundenservice@avides.com :<\/p>\n<p>Hiermit widerrufe(n) ich\/wir (*) den von mir\/uns (*) abgeschlossenen Vertrag \u00fcber den Kauf der folgenden<\/p>\n<p>Waren (*)\/die Erbringung der folgenden Dienstleistung (*)<\/p>\n<p>Bestellt am (*)\/erhalten am (*)<\/p>\n<p>Name des\/der Verbraucher(s)<\/p>\n<p>Anschrift des\/der Verbraucher(s)<\/p>\n<p>Unterschrift des\/der Verbraucher(s) (nur bei Mitteilung auf Papier)<\/p>\n<p>Datum<\/p>\n<p>_____________________________<br \/>\n(*) Unzutreffendes streichen.<\/p>\n<h3>Hinweise zur R\u00fccksendung<\/h3>\n<ol>\n<li>Zur einfachen R\u00fccksendung bieten wir in Deutschland und den meisten EU-L\u00e4ndern eine g\u00fcnstige bereits frankierte R\u00fccksendemarke an, mit der Sie Ihre Sendung schnell und einfach auf jedem Postamt einliefern k\u00f6nnen. Fordern Sie diese einfach per Email oder online bei uns an.<\/li>\n<li>Bitte vermeiden Sie Besch\u00e4digungen und Verunreinigungen der Ware. Senden Sie die Ware bitte m\u00f6glichst in Originalverpackung mit s\u00e4mtlichem Zubeh\u00f6r und mit allen Verpackungsbestandteilen an uns zur\u00fcck. Verwenden Sie ggf. eine sch\u00fctzende Umverpackung. Wenn Sie die Originalverpackung nicht mehr besitzen, sorgen Sie bitte mit einer geeigneten Verpackung f\u00fcr einen ausreichenden Schutz vor Transportsch\u00e4den.<\/li>\n<li>Bitte beachten Sie, dass die vorgenannten beiden Punkte nicht Voraussetzung f\u00fcr die wirksame Aus\u00fcbung des Widerrufsrechts sind.<\/li>\n<\/ol>\n<h2>Pouczenie o odst\u0105pieniu od umowy<\/h2>\n<h3>Prawo odst\u0105pienia od umowy<\/h3>\n<p>Maj\u0105 Pa\u0144stwo prawo odst\u0105pi\u0107 od umowy w ci\u0105gu miesi\u0105ca bez podania przyczyn.<br \/>\nTermin odst\u0105pienia od umowy wynosi miesi\u0105c od dnia, w kt\u00f3rym weszli Pa\u0144stwo w posiadanie ostatniego towaru lub osoba trzecia wskazana przez Pa\u0144stwa, kt\u00f3ra nie jest przewo\u017anikiem, wesz\u0142a w posiadanie ostatniego towaru.<\/p>\n<p>Chc\u0105c skorzysta\u0107 z prawa odst\u0105pienia od umowy nale\u017cy nas  o tym poinformowa\u0107 (AVIDES Media AG, Avidesweg 1, 27386 Hemsb\u00fcnde, Tel.: 04261-962882, Faks: 04261-962883, E-Mail: kundenservice@avides.com) sk\u0142adaj\u0105c jednoznaczne o\u015bwiadczenie  o decyzji odst\u0105pienia od umowy (np. list wys\u0142any poczt\u0105, telefaks lub wiadomo\u015b\u0107 mailowa). W tym celu mog\u0105 skorzysta\u0107 Pa\u0144stwo r\u00f3wnie\u017c z za\u0142\u0105czonego wzoru formularza odst\u0105pienia od umowy, ale nie jest to obowi\u0105zkowe.<br \/>\nDo zachowania terminu odst\u0105pienia od umowy wystarczy wys\u0142a\u0107 informacj\u0119 o skorzystaniu<br \/>\nz prawa odst\u0105pienia od umowy przed up\u0142ywem terminu odst\u0105pienia od umowy.<\/p>\n<h3>Skutki odst\u0105pienia od umowy<\/h3>\n<p>W przypadku odst\u0105pienia od niniejszej umowy zwracamy Pa\u0144stwu wszystkie p\u0142atno\u015bci, kt\u00f3re otrzymali\u015bmy od Pa\u0144stwa, w\u0142\u0105cznie z kosztami dostawy (z wyj\u0105tkiem dodatkowych koszt\u00f3w wynikaj\u0105cych z wybranego przez Pa\u0144stwa sposobu dostawy innego ni\u017c oferowany przez nas najta\u0144szy standardowy spos\u00f3b dostawy), niezw\u0142ocznie i najp\u00f3\u017aniej w ci\u0105gu czternastu dni od dnia, w kt\u00f3rym wp\u0142yn\u0119\u0142a do nas informacja o odst\u0105pieniu przez Pa\u0144stwa od umowy. Zwrotu p\u0142atno\u015bci dokonujemy w taki sam spos\u00f3b, jaki zosta\u0142 przez Pa\u0144stwa u\u017cyty przy pierwotnej transakcji chyba, \u017ce wyra\u017anie zosta\u0142o ustalone inaczej. W ka\u017cdym razie nie s\u0105 naliczane Pa\u0144stwu \u017cadne op\u0142aty w zwi\u0105zku z tym zwrotem. Mo\u017cemy wstrzyma\u0107 si\u0119 ze zwrotem p\u0142atno\u015bci do chwili otrzymania towaru z powrotem lub dostarczenia nam dowodu jego odes\u0142ania, w zale\u017cno\u015bci od tego, kt\u00f3re zdarzenie nast\u0105pi wcze\u015bniej.<br \/>\nTowary nale\u017cy odes\u0142a\u0107 do nas lub nam przekaza\u0107 niezw\u0142ocznie i w ka\u017cdym przypadku najp\u00f3\u017aniej w ci\u0105gu czternastu dni od dnia poinformowania nas o odst\u0105pieniu od umowy. Termin jest zachowany, gdy towar zostanie wys\u0142any przed up\u0142ywem terminu czternastu dni. Pa\u0144stwo ponosz\u0105 bezpo\u015brednie koszty przesy\u0142ki zwrotnej z towarem. Towary, kt\u00f3re ze wzgl\u0119du na ich charakter nie mog\u0105 zosta\u0107 w zwyk\u0142ym trybie odes\u0142ane poczt\u0105, odbieramy na w\u0142asny koszt.<\/p>\n<p>Za ewentualne zmniejszenie warto\u015bci towaru odpowiadaj\u0105 Pa\u0144stwo tylko wtedy, gdy przyczyn\u0105 zmniejszenia warto\u015bci towaru jest obchodzenie si\u0119 z nim w inny spos\u00f3b ni\u017c konieczny do zbadania jego charakteru, cech i funkcjonowania.<\/p>\n<h3>Formularz odst\u0105pienia od umowy \u2013 wz\u00f3r<\/h3>\n<p>(Je\u015bli chc\u0105 Pa\u0144stwo odst\u0105pi\u0107 od umowy, prosimy wype\u0142ni\u0107 i odes\u0142a\u0107 do nas niniejszy formularz.)<\/p>\n<p>AVIDES Media AG, Avidesweg 1, 27386 Hemsb\u00fcnde, Tel: 04261-962882, Faks: 04261-962883, E-Mail: kundenservice@avides.com:<br \/>\nNiniejszym odst\u0119puj\u0119\/odst\u0119pujemy(*) od zawartej przeze mnie\/przez nas(*)<br \/>\numowy sprzeda\u017cy towaru (*)\/umowy o \u015bwiadczenie us\u0142ug (*)<br \/>\nData zam\u00f3wienia (*) \/data odbioru (*)<br \/>\nNazwisko konsumenta\/konsument\u00f3w<br \/>\nAdres konsumenta\/konsument\u00f3w<br \/>\nPodpis konsumenta\/konsument\u00f3w (tylko w przypadku informacji przesy\u0142anej w wersji papierowej)<br \/>\nData<br \/>\n_____________________________<br \/>\n(*) Niepotrzebne skre\u015bli\u0107.<\/p>\n<h3>Informacje dotycz\u0105ce przesy\u0142ki zwrotnej<\/h3>\n<ol>\n<li>1.\tW celu \u0142atwego dokonania zwrotu towaru oferujemy na terenie Niemiec i w wi\u0119kszo\u015bci kraj\u00f3w UE korzystny cenowo i op\u0142acony ju\u017c znaczek pocztowy na przesy\u0142k\u0119 zwrotn\u0105, kt\u00f3ry umo\u017cliwia szybkie i \u0142atwe nadanie przesy\u0142ki w ka\u017cdym urz\u0119dzie pocztowym. Po znaczki te mog\u0105 Pa\u0144stwo zwr\u00f3ci\u0107 si\u0119 do nas drog\u0105 mailow\u0105 lub online.<\/li>\n<li>2.\tProsimy chroni\u0107 towar przed uszkodzeniami i zanieczyszczeniami. O ile to mo\u017cliwe towar nale\u017cy odes\u0142a\u0107 do nas w oryginalnym opakowaniu ze wszystkimi akcesoriami<br \/>\ni elementami opakowania. Je\u015bli to konieczne nale\u017cy u\u017cy\u0107 zewn\u0119trznego opakowania ochronnego. Je\u015bli nie posiadaj\u0105 Pa\u0144stwo opakowania oryginalnego, nale\u017cy zadba\u0107<br \/>\no w\u0142a\u015bciw\u0105 ochron\u0119 przez uszkodzeniami podczas transportu korzystaj\u0105c z odpowiedniego opakowania.\n<\/li>\n<li>3.\tNale\u017cy pami\u0119ta\u0107, \u017ce wymienione powy\u017cej obydwa punkty nie s\u0105 warunkiem skutecznego skorzystania z prawa odst\u0105pienia od umowy.<\/li>\n<\/ol>\n","protected":false},"excerpt":{"rendered":"Prawo odst\u0105pienia od umowy dotyczy konsument\u00f3w zgodnie z \u00a7 13 niemieckiego kodeksu cywilnego na terenie Unii Europejskiej. Za konsumenta uwa\u017ca si\u0119 osob\u0119 fizyczn\u0105 dokonuj\u0105c\u0105 czynno\u015bci prawnej niezwi\u0105zanej bezpo\u015brednio z jej dzia\u0142alno\u015bci\u0105 gospodarcz\u0105 lub zawodow\u0105. Na AVIDES Media AG ci\u0105\u017cy obowi\u0105zek sprawdzenia statusu konsumenta. Prawo odst\u0105pienia od umowy nie istnieje w przypadku um\u00f3w zawieranych na odleg\u0142o\u015b\u0107&#8230; <a class=\"view-article\" href=\"https:\/\/www.avides.com\/pl\/prawo-odstapienia-od-umowy-i-regulamin\/\">View Article<\/a>","protected":false},"author":1,"featured_media":0,"parent":0,"menu_order":0,"comment_status":"open","ping_status":"open","template":"template-textpage.php","meta":{"_acf_changed":false,"footnotes":""},"class_list":["post-2617","page","type-page","status-publish","hentry"],"acf":[],"yoast_head":"<!-- This site is optimized with the Yoast SEO plugin v27.5 - https:\/\/yoast.com\/product\/yoast-seo-wordpress\/ -->\n<title>Prawo odst\u0105pienia od umowy i regulamin<\/title>\n<meta name=\"robots\" content=\"index, follow, max-snippet:-1, max-image-preview:large, max-video-preview:-1\" \/>\n<link rel=\"canonical\" href=\"https:\/\/www.avides.com\/pl\/prawo-odstapienia-od-umowy-i-regulamin\/\" \/>\n<meta property=\"og:locale\" content=\"pl_PL\" \/>\n<meta property=\"og:type\" content=\"article\" \/>\n<meta property=\"og:title\" content=\"Prawo odst\u0105pienia od umowy i regulamin\" \/>\n<meta property=\"og:description\" content=\"Prawo odst\u0105pienia od umowy dotyczy konsument\u00f3w zgodnie z \u00a7 13 niemieckiego kodeksu cywilnego na terenie Unii Europejskiej. Za konsumenta uwa\u017ca si\u0119 osob\u0119 fizyczn\u0105 dokonuj\u0105c\u0105 czynno\u015bci prawnej niezwi\u0105zanej bezpo\u015brednio z jej dzia\u0142alno\u015bci\u0105 gospodarcz\u0105 lub zawodow\u0105. Na AVIDES Media AG ci\u0105\u017cy obowi\u0105zek sprawdzenia statusu konsumenta. Prawo odst\u0105pienia od umowy nie istnieje w przypadku um\u00f3w zawieranych na odleg\u0142o\u015b\u0107... View Article\" \/>\n<meta property=\"og:url\" content=\"https:\/\/www.avides.com\/pl\/prawo-odstapienia-od-umowy-i-regulamin\/\" \/>\n<meta property=\"og:site_name\" content=\"AVIDES\" \/>\n<meta name=\"twitter:label1\" content=\"Szacowany czas czytania\" \/>\n\t<meta name=\"twitter:data1\" content=\"8 minut\" \/>\n<script type=\"application\/ld+json\" class=\"yoast-schema-graph\">{\"@context\":\"https:\\\/\\\/schema.org\",\"@graph\":[{\"@type\":\"WebPage\",\"@id\":\"https:\\\/\\\/www.avides.com\\\/pl\\\/prawo-odstapienia-od-umowy-i-regulamin\\\/\",\"url\":\"https:\\\/\\\/www.avides.com\\\/pl\\\/prawo-odstapienia-od-umowy-i-regulamin\\\/\",\"name\":\"Prawo odst\u0105pienia od umowy i regulamin\",\"isPartOf\":{\"@id\":\"https:\\\/\\\/www.avides.com\\\/pl\\\/#website\"},\"datePublished\":\"2015-02-12T17:17:06+00:00\",\"breadcrumb\":{\"@id\":\"https:\\\/\\\/www.avides.com\\\/pl\\\/prawo-odstapienia-od-umowy-i-regulamin\\\/#breadcrumb\"},\"inLanguage\":\"pl-PL\",\"potentialAction\":[{\"@type\":\"ReadAction\",\"target\":[\"https:\\\/\\\/www.avides.com\\\/pl\\\/prawo-odstapienia-od-umowy-i-regulamin\\\/\"]}]},{\"@type\":\"BreadcrumbList\",\"@id\":\"https:\\\/\\\/www.avides.com\\\/pl\\\/prawo-odstapienia-od-umowy-i-regulamin\\\/#breadcrumb\",\"itemListElement\":[{\"@type\":\"ListItem\",\"position\":1,\"name\":\"Home\",\"item\":\"https:\\\/\\\/www.avides.com\\\/pl\\\/\"},{\"@type\":\"ListItem\",\"position\":2,\"name\":\"Prawo odst\u0105pienia od umowy i regulamin\"}]},{\"@type\":\"WebSite\",\"@id\":\"https:\\\/\\\/www.avides.com\\\/pl\\\/#website\",\"url\":\"https:\\\/\\\/www.avides.com\\\/pl\\\/\",\"name\":\"AVIDES\",\"description\":\"Your Trade Solution Partner\",\"potentialAction\":[{\"@type\":\"SearchAction\",\"target\":{\"@type\":\"EntryPoint\",\"urlTemplate\":\"https:\\\/\\\/www.avides.com\\\/pl\\\/?s={search_term_string}\"},\"query-input\":{\"@type\":\"PropertyValueSpecification\",\"valueRequired\":true,\"valueName\":\"search_term_string\"}}],\"inLanguage\":\"pl-PL\"}]}<\/script>\n<!-- \/ Yoast SEO plugin. -->","yoast_head_json":{"title":"Prawo odst\u0105pienia od umowy i regulamin","robots":{"index":"index","follow":"follow","max-snippet":"max-snippet:-1","max-image-preview":"max-image-preview:large","max-video-preview":"max-video-preview:-1"},"canonical":"https:\/\/www.avides.com\/pl\/prawo-odstapienia-od-umowy-i-regulamin\/","og_locale":"pl_PL","og_type":"article","og_title":"Prawo odst\u0105pienia od umowy i regulamin","og_description":"Prawo odst\u0105pienia od umowy dotyczy konsument\u00f3w zgodnie z \u00a7 13 niemieckiego kodeksu cywilnego na terenie Unii Europejskiej. Za konsumenta uwa\u017ca si\u0119 osob\u0119 fizyczn\u0105 dokonuj\u0105c\u0105 czynno\u015bci prawnej niezwi\u0105zanej bezpo\u015brednio z jej dzia\u0142alno\u015bci\u0105 gospodarcz\u0105 lub zawodow\u0105. Na AVIDES Media AG ci\u0105\u017cy obowi\u0105zek sprawdzenia statusu konsumenta. Prawo odst\u0105pienia od umowy nie istnieje w przypadku um\u00f3w zawieranych na odleg\u0142o\u015b\u0107... View Article","og_url":"https:\/\/www.avides.com\/pl\/prawo-odstapienia-od-umowy-i-regulamin\/","og_site_name":"AVIDES","twitter_misc":{"Szacowany czas czytania":"8 minut"},"schema":{"@context":"https:\/\/schema.org","@graph":[{"@type":"WebPage","@id":"https:\/\/www.avides.com\/pl\/prawo-odstapienia-od-umowy-i-regulamin\/","url":"https:\/\/www.avides.com\/pl\/prawo-odstapienia-od-umowy-i-regulamin\/","name":"Prawo odst\u0105pienia od umowy i regulamin","isPartOf":{"@id":"https:\/\/www.avides.com\/pl\/#website"},"datePublished":"2015-02-12T17:17:06+00:00","breadcrumb":{"@id":"https:\/\/www.avides.com\/pl\/prawo-odstapienia-od-umowy-i-regulamin\/#breadcrumb"},"inLanguage":"pl-PL","potentialAction":[{"@type":"ReadAction","target":["https:\/\/www.avides.com\/pl\/prawo-odstapienia-od-umowy-i-regulamin\/"]}]},{"@type":"BreadcrumbList","@id":"https:\/\/www.avides.com\/pl\/prawo-odstapienia-od-umowy-i-regulamin\/#breadcrumb","itemListElement":[{"@type":"ListItem","position":1,"name":"Home","item":"https:\/\/www.avides.com\/pl\/"},{"@type":"ListItem","position":2,"name":"Prawo odst\u0105pienia od umowy i regulamin"}]},{"@type":"WebSite","@id":"https:\/\/www.avides.com\/pl\/#website","url":"https:\/\/www.avides.com\/pl\/","name":"AVIDES","description":"Your Trade Solution Partner","potentialAction":[{"@type":"SearchAction","target":{"@type":"EntryPoint","urlTemplate":"https:\/\/www.avides.com\/pl\/?s={search_term_string}"},"query-input":{"@type":"PropertyValueSpecification","valueRequired":true,"valueName":"search_term_string"}}],"inLanguage":"pl-PL"}]}},"_links":{"self":[{"href":"https:\/\/www.avides.com\/pl\/wp-json\/wp\/v2\/pages\/2617","targetHints":{"allow":["GET"]}}],"collection":[{"href":"https:\/\/www.avides.com\/pl\/wp-json\/wp\/v2\/pages"}],"about":[{"href":"https:\/\/www.avides.com\/pl\/wp-json\/wp\/v2\/types\/page"}],"author":[{"embeddable":true,"href":"https:\/\/www.avides.com\/pl\/wp-json\/wp\/v2\/users\/1"}],"replies":[{"embeddable":true,"href":"https:\/\/www.avides.com\/pl\/wp-json\/wp\/v2\/comments?post=2617"}],"version-history":[{"count":0,"href":"https:\/\/www.avides.com\/pl\/wp-json\/wp\/v2\/pages\/2617\/revisions"}],"wp:attachment":[{"href":"https:\/\/www.avides.com\/pl\/wp-json\/wp\/v2\/media?parent=2617"}],"curies":[{"name":"wp","href":"https:\/\/api.w.org\/{rel}","templated":true}]}}