{"id":2637,"date":"2015-02-19T12:01:23","date_gmt":"2015-02-19T11:01:23","guid":{"rendered":"https:\/\/www.avides.com\/historia\/"},"modified":"2020-05-06T14:48:37","modified_gmt":"2020-05-06T12:48:37","slug":"historia","status":"publish","type":"page","link":"https:\/\/www.avides.com\/pl\/historia\/","title":{"rendered":"Historia"},"content":{"rendered":"<p>Historia firmy AVIDES potrafi wci\u0105gn\u0105\u0107, a czasem nawet zaskoczy\u0107. Wiele zmieni\u0142o si\u0119 od pocz\u0105tk\u00f3w za\u0142o\u017conej w 1997 r. firmy, ale jedno wyr\u00f3\u017cnia nas po dzi\u015b dzie\u0144: sprzeda\u017c z pasj\u0105.<\/p>\n","protected":false},"excerpt":{"rendered":"Historia firmy AVIDES potrafi wci\u0105gn\u0105\u0107, a czasem nawet zaskoczy\u0107. Wiele zmieni\u0142o si\u0119 od pocz\u0105tk\u00f3w za\u0142o\u017conej w 1997 r. firmy, ale jedno wyr\u00f3\u017cnia nas po dzi\u015b dzie\u0144: sprzeda\u017c z pasj\u0105.","protected":false},"author":1,"featured_media":0,"parent":0,"menu_order":0,"comment_status":"open","ping_status":"open","template":"template-history.php","meta":{"_acf_changed":false,"footnotes":""},"class_list":["post-2637","page","type-page","status-publish","hentry"],"acf":[],"yoast_head":"<!-- This site is optimized with the Yoast SEO plugin v27.6 - https:\/\/yoast.com\/product\/yoast-seo-wordpress\/ -->\n<title>Historia<\/title>\n<meta name=\"robots\" content=\"index, follow, max-snippet:-1, max-image-preview:large, max-video-preview:-1\" \/>\n<link rel=\"canonical\" href=\"https:\/\/www.avides.com\/pl\/historia\/\" \/>\n<meta property=\"og:locale\" content=\"pl_PL\" \/>\n<meta property=\"og:type\" content=\"article\" \/>\n<meta property=\"og:title\" content=\"Historia\" \/>\n<meta property=\"og:description\" content=\"Historia firmy AVIDES potrafi wci\u0105gn\u0105\u0107, a czasem nawet zaskoczy\u0107. Wiele zmieni\u0142o si\u0119 od pocz\u0105tk\u00f3w za\u0142o\u017conej w 1997 r. firmy, ale jedno wyr\u00f3\u017cnia nas po dzi\u015b dzie\u0144: sprzeda\u017c z pasj\u0105.\" \/>\n<meta property=\"og:url\" content=\"https:\/\/www.avides.com\/pl\/historia\/\" \/>\n<meta property=\"og:site_name\" content=\"AVIDES\" \/>\n<meta property=\"article:modified_time\" content=\"2020-05-06T12:48:37+00:00\" \/>\n<script type=\"application\/ld+json\" class=\"yoast-schema-graph\">{\"@context\":\"https:\\\/\\\/schema.org\",\"@graph\":[{\"@type\":\"WebPage\",\"@id\":\"https:\\\/\\\/www.avides.com\\\/pl\\\/historia\\\/\",\"url\":\"https:\\\/\\\/www.avides.com\\\/pl\\\/historia\\\/\",\"name\":\"Historia\",\"isPartOf\":{\"@id\":\"https:\\\/\\\/www.avides.com\\\/pl\\\/#website\"},\"datePublished\":\"2015-02-19T11:01:23+00:00\",\"dateModified\":\"2020-05-06T12:48:37+00:00\",\"breadcrumb\":{\"@id\":\"https:\\\/\\\/www.avides.com\\\/pl\\\/historia\\\/#breadcrumb\"},\"inLanguage\":\"pl-PL\",\"potentialAction\":[{\"@type\":\"ReadAction\",\"target\":[\"https:\\\/\\\/www.avides.com\\\/pl\\\/historia\\\/\"]}]},{\"@type\":\"BreadcrumbList\",\"@id\":\"https:\\\/\\\/www.avides.com\\\/pl\\\/historia\\\/#breadcrumb\",\"itemListElement\":[{\"@type\":\"ListItem\",\"position\":1,\"name\":\"Home\",\"item\":\"https:\\\/\\\/www.avides.com\\\/pl\\\/\"},{\"@type\":\"ListItem\",\"position\":2,\"name\":\"Historia\"}]},{\"@type\":\"WebSite\",\"@id\":\"https:\\\/\\\/www.avides.com\\\/pl\\\/#website\",\"url\":\"https:\\\/\\\/www.avides.com\\\/pl\\\/\",\"name\":\"AVIDES\",\"description\":\"Your Trade Solution Partner\",\"potentialAction\":[{\"@type\":\"SearchAction\",\"target\":{\"@type\":\"EntryPoint\",\"urlTemplate\":\"https:\\\/\\\/www.avides.com\\\/pl\\\/?s={search_term_string}\"},\"query-input\":{\"@type\":\"PropertyValueSpecification\",\"valueRequired\":true,\"valueName\":\"search_term_string\"}}],\"inLanguage\":\"pl-PL\"}]}<\/script>\n<!-- \/ Yoast SEO plugin. -->","yoast_head_json":{"title":"Historia","robots":{"index":"index","follow":"follow","max-snippet":"max-snippet:-1","max-image-preview":"max-image-preview:large","max-video-preview":"max-video-preview:-1"},"canonical":"https:\/\/www.avides.com\/pl\/historia\/","og_locale":"pl_PL","og_type":"article","og_title":"Historia","og_description":"Historia firmy AVIDES potrafi wci\u0105gn\u0105\u0107, a czasem nawet zaskoczy\u0107. Wiele zmieni\u0142o si\u0119 od pocz\u0105tk\u00f3w za\u0142o\u017conej w 1997 r. firmy, ale jedno wyr\u00f3\u017cnia nas po dzi\u015b dzie\u0144: sprzeda\u017c z pasj\u0105.","og_url":"https:\/\/www.avides.com\/pl\/historia\/","og_site_name":"AVIDES","article_modified_time":"2020-05-06T12:48:37+00:00","schema":{"@context":"https:\/\/schema.org","@graph":[{"@type":"WebPage","@id":"https:\/\/www.avides.com\/pl\/historia\/","url":"https:\/\/www.avides.com\/pl\/historia\/","name":"Historia","isPartOf":{"@id":"https:\/\/www.avides.com\/pl\/#website"},"datePublished":"2015-02-19T11:01:23+00:00","dateModified":"2020-05-06T12:48:37+00:00","breadcrumb":{"@id":"https:\/\/www.avides.com\/pl\/historia\/#breadcrumb"},"inLanguage":"pl-PL","potentialAction":[{"@type":"ReadAction","target":["https:\/\/www.avides.com\/pl\/historia\/"]}]},{"@type":"BreadcrumbList","@id":"https:\/\/www.avides.com\/pl\/historia\/#breadcrumb","itemListElement":[{"@type":"ListItem","position":1,"name":"Home","item":"https:\/\/www.avides.com\/pl\/"},{"@type":"ListItem","position":2,"name":"Historia"}]},{"@type":"WebSite","@id":"https:\/\/www.avides.com\/pl\/#website","url":"https:\/\/www.avides.com\/pl\/","name":"AVIDES","description":"Your Trade Solution Partner","potentialAction":[{"@type":"SearchAction","target":{"@type":"EntryPoint","urlTemplate":"https:\/\/www.avides.com\/pl\/?s={search_term_string}"},"query-input":{"@type":"PropertyValueSpecification","valueRequired":true,"valueName":"search_term_string"}}],"inLanguage":"pl-PL"}]}},"_links":{"self":[{"href":"https:\/\/www.avides.com\/pl\/wp-json\/wp\/v2\/pages\/2637","targetHints":{"allow":["GET"]}}],"collection":[{"href":"https:\/\/www.avides.com\/pl\/wp-json\/wp\/v2\/pages"}],"about":[{"href":"https:\/\/www.avides.com\/pl\/wp-json\/wp\/v2\/types\/page"}],"author":[{"embeddable":true,"href":"https:\/\/www.avides.com\/pl\/wp-json\/wp\/v2\/users\/1"}],"replies":[{"embeddable":true,"href":"https:\/\/www.avides.com\/pl\/wp-json\/wp\/v2\/comments?post=2637"}],"version-history":[{"count":1,"href":"https:\/\/www.avides.com\/pl\/wp-json\/wp\/v2\/pages\/2637\/revisions"}],"predecessor-version":[{"id":3467,"href":"https:\/\/www.avides.com\/pl\/wp-json\/wp\/v2\/pages\/2637\/revisions\/3467"}],"wp:attachment":[{"href":"https:\/\/www.avides.com\/pl\/wp-json\/wp\/v2\/media?parent=2637"}],"curies":[{"name":"wp","href":"https:\/\/api.w.org\/{rel}","templated":true}]}}