{"id":2641,"date":"2015-02-24T15:47:21","date_gmt":"2015-02-24T14:47:21","guid":{"rendered":"https:\/\/www.avides.com\/odpowiedzialnosc\/"},"modified":"2020-05-07T16:53:55","modified_gmt":"2020-05-07T14:53:55","slug":"odpowiedzialnosc","status":"publish","type":"page","link":"https:\/\/www.avides.com\/pl\/odpowiedzialnosc\/","title":{"rendered":"Odpowiedzialno\u015b\u0107"},"content":{"rendered":"<p>Dbamy o naszych pracownik\u00f3w, \u015brodowisko, klient\u00f3w, dostawc\u00f3w i spo\u0142ecze\u0144stwo<\/p>\n","protected":false},"excerpt":{"rendered":"Dbamy o naszych pracownik\u00f3w, \u015brodowisko, klient\u00f3w, dostawc\u00f3w i spo\u0142ecze\u0144stwo","protected":false},"author":1,"featured_media":0,"parent":0,"menu_order":0,"comment_status":"open","ping_status":"open","template":"template-responsibility.php","meta":{"_acf_changed":false,"footnotes":""},"class_list":["post-2641","page","type-page","status-publish","hentry"],"acf":[],"yoast_head":"<!-- This site is optimized with the Yoast SEO plugin v27.3 - https:\/\/yoast.com\/product\/yoast-seo-wordpress\/ -->\n<title>Odpowiedzialno\u015b\u0107<\/title>\n<meta name=\"robots\" content=\"index, follow, max-snippet:-1, max-image-preview:large, max-video-preview:-1\" \/>\n<link rel=\"canonical\" href=\"https:\/\/www.avides.com\/pl\/odpowiedzialnosc\/\" \/>\n<meta property=\"og:locale\" content=\"pl_PL\" \/>\n<meta property=\"og:type\" content=\"article\" \/>\n<meta property=\"og:title\" content=\"Odpowiedzialno\u015b\u0107\" \/>\n<meta property=\"og:description\" content=\"Dbamy o naszych pracownik\u00f3w, \u015brodowisko, klient\u00f3w, dostawc\u00f3w i spo\u0142ecze\u0144stwo\" \/>\n<meta property=\"og:url\" content=\"https:\/\/www.avides.com\/pl\/odpowiedzialnosc\/\" \/>\n<meta property=\"og:site_name\" content=\"AVIDES\" \/>\n<meta property=\"article:modified_time\" content=\"2020-05-07T14:53:55+00:00\" \/>\n<script type=\"application\/ld+json\" class=\"yoast-schema-graph\">{\"@context\":\"https:\\\/\\\/schema.org\",\"@graph\":[{\"@type\":\"WebPage\",\"@id\":\"https:\\\/\\\/www.avides.com\\\/pl\\\/odpowiedzialnosc\\\/\",\"url\":\"https:\\\/\\\/www.avides.com\\\/pl\\\/odpowiedzialnosc\\\/\",\"name\":\"Odpowiedzialno\u015b\u0107\",\"isPartOf\":{\"@id\":\"https:\\\/\\\/www.avides.com\\\/pl\\\/#website\"},\"datePublished\":\"2015-02-24T14:47:21+00:00\",\"dateModified\":\"2020-05-07T14:53:55+00:00\",\"breadcrumb\":{\"@id\":\"https:\\\/\\\/www.avides.com\\\/pl\\\/odpowiedzialnosc\\\/#breadcrumb\"},\"inLanguage\":\"pl-PL\",\"potentialAction\":[{\"@type\":\"ReadAction\",\"target\":[\"https:\\\/\\\/www.avides.com\\\/pl\\\/odpowiedzialnosc\\\/\"]}]},{\"@type\":\"BreadcrumbList\",\"@id\":\"https:\\\/\\\/www.avides.com\\\/pl\\\/odpowiedzialnosc\\\/#breadcrumb\",\"itemListElement\":[{\"@type\":\"ListItem\",\"position\":1,\"name\":\"Home\",\"item\":\"https:\\\/\\\/www.avides.com\\\/pl\\\/\"},{\"@type\":\"ListItem\",\"position\":2,\"name\":\"Odpowiedzialno\u015b\u0107\"}]},{\"@type\":\"WebSite\",\"@id\":\"https:\\\/\\\/www.avides.com\\\/pl\\\/#website\",\"url\":\"https:\\\/\\\/www.avides.com\\\/pl\\\/\",\"name\":\"AVIDES\",\"description\":\"Your Trade Solution Partner\",\"potentialAction\":[{\"@type\":\"SearchAction\",\"target\":{\"@type\":\"EntryPoint\",\"urlTemplate\":\"https:\\\/\\\/www.avides.com\\\/pl\\\/?s={search_term_string}\"},\"query-input\":{\"@type\":\"PropertyValueSpecification\",\"valueRequired\":true,\"valueName\":\"search_term_string\"}}],\"inLanguage\":\"pl-PL\"}]}<\/script>\n<!-- \/ Yoast SEO plugin. -->","yoast_head_json":{"title":"Odpowiedzialno\u015b\u0107","robots":{"index":"index","follow":"follow","max-snippet":"max-snippet:-1","max-image-preview":"max-image-preview:large","max-video-preview":"max-video-preview:-1"},"canonical":"https:\/\/www.avides.com\/pl\/odpowiedzialnosc\/","og_locale":"pl_PL","og_type":"article","og_title":"Odpowiedzialno\u015b\u0107","og_description":"Dbamy o naszych pracownik\u00f3w, \u015brodowisko, klient\u00f3w, dostawc\u00f3w i spo\u0142ecze\u0144stwo","og_url":"https:\/\/www.avides.com\/pl\/odpowiedzialnosc\/","og_site_name":"AVIDES","article_modified_time":"2020-05-07T14:53:55+00:00","schema":{"@context":"https:\/\/schema.org","@graph":[{"@type":"WebPage","@id":"https:\/\/www.avides.com\/pl\/odpowiedzialnosc\/","url":"https:\/\/www.avides.com\/pl\/odpowiedzialnosc\/","name":"Odpowiedzialno\u015b\u0107","isPartOf":{"@id":"https:\/\/www.avides.com\/pl\/#website"},"datePublished":"2015-02-24T14:47:21+00:00","dateModified":"2020-05-07T14:53:55+00:00","breadcrumb":{"@id":"https:\/\/www.avides.com\/pl\/odpowiedzialnosc\/#breadcrumb"},"inLanguage":"pl-PL","potentialAction":[{"@type":"ReadAction","target":["https:\/\/www.avides.com\/pl\/odpowiedzialnosc\/"]}]},{"@type":"BreadcrumbList","@id":"https:\/\/www.avides.com\/pl\/odpowiedzialnosc\/#breadcrumb","itemListElement":[{"@type":"ListItem","position":1,"name":"Home","item":"https:\/\/www.avides.com\/pl\/"},{"@type":"ListItem","position":2,"name":"Odpowiedzialno\u015b\u0107"}]},{"@type":"WebSite","@id":"https:\/\/www.avides.com\/pl\/#website","url":"https:\/\/www.avides.com\/pl\/","name":"AVIDES","description":"Your Trade Solution Partner","potentialAction":[{"@type":"SearchAction","target":{"@type":"EntryPoint","urlTemplate":"https:\/\/www.avides.com\/pl\/?s={search_term_string}"},"query-input":{"@type":"PropertyValueSpecification","valueRequired":true,"valueName":"search_term_string"}}],"inLanguage":"pl-PL"}]}},"_links":{"self":[{"href":"https:\/\/www.avides.com\/pl\/wp-json\/wp\/v2\/pages\/2641","targetHints":{"allow":["GET"]}}],"collection":[{"href":"https:\/\/www.avides.com\/pl\/wp-json\/wp\/v2\/pages"}],"about":[{"href":"https:\/\/www.avides.com\/pl\/wp-json\/wp\/v2\/types\/page"}],"author":[{"embeddable":true,"href":"https:\/\/www.avides.com\/pl\/wp-json\/wp\/v2\/users\/1"}],"replies":[{"embeddable":true,"href":"https:\/\/www.avides.com\/pl\/wp-json\/wp\/v2\/comments?post=2641"}],"version-history":[{"count":1,"href":"https:\/\/www.avides.com\/pl\/wp-json\/wp\/v2\/pages\/2641\/revisions"}],"predecessor-version":[{"id":3530,"href":"https:\/\/www.avides.com\/pl\/wp-json\/wp\/v2\/pages\/2641\/revisions\/3530"}],"wp:attachment":[{"href":"https:\/\/www.avides.com\/pl\/wp-json\/wp\/v2\/media?parent=2641"}],"curies":[{"name":"wp","href":"https:\/\/api.w.org\/{rel}","templated":true}]}}