{"id":2645,"date":"2015-02-24T16:03:54","date_gmt":"2015-02-24T15:03:54","guid":{"rendered":"https:\/\/www.avides.com\/o-nas\/"},"modified":"2020-05-08T09:15:31","modified_gmt":"2020-05-08T07:15:31","slug":"o-nas","status":"publish","type":"page","link":"https:\/\/www.avides.com\/pl\/o-nas\/","title":{"rendered":"O Nas"},"content":{"rendered":"<p>Jeste\u015bmy uznanym sprzedawc\u0105 internetowym i wiod\u0105c\u0105 europejsk\u0105 firm\u0105, kt\u00f3ra od 1997 roku zajmuje si\u0119 powt\u00f3rnym wprowadzaniem towar\u00f3w na rynek. Nasze silne strony to mi\u0119dzynarodowa sie\u0107 handlu i ci\u0105g\u0142e d\u0105\u017cenie do optymalnego rozwi\u0105zywania wyzwa\u0144, stoj\u0105cych przed klientami i dostawcami. Dzia\u0142amy na najwy\u017cszym poziomie profesjonalizmu i opanowania, czerpi\u0105c z tradycji p\u00f3\u0142nocnych Niemiec, sk\u0105d wywodzi si\u0119 nasza firma.<\/p>\n","protected":false},"excerpt":{"rendered":"Jeste\u015bmy uznanym sprzedawc\u0105 internetowym i wiod\u0105c\u0105 europejsk\u0105 firm\u0105, kt\u00f3ra od 1997 roku zajmuje si\u0119 powt\u00f3rnym wprowadzaniem towar\u00f3w na rynek. Nasze silne strony to mi\u0119dzynarodowa sie\u0107 handlu i ci\u0105g\u0142e d\u0105\u017cenie do optymalnego rozwi\u0105zywania wyzwa\u0144, stoj\u0105cych przed klientami i dostawcami. Dzia\u0142amy na najwy\u017cszym poziomie profesjonalizmu i opanowania, czerpi\u0105c z tradycji p\u00f3\u0142nocnych Niemiec, sk\u0105d wywodzi si\u0119 nasza firma.","protected":false},"author":1,"featured_media":0,"parent":0,"menu_order":0,"comment_status":"open","ping_status":"open","template":"template-about.php","meta":{"_acf_changed":false,"footnotes":""},"class_list":["post-2645","page","type-page","status-publish","hentry"],"acf":[],"yoast_head":"<!-- This site is optimized with the Yoast SEO plugin v27.3 - https:\/\/yoast.com\/product\/yoast-seo-wordpress\/ -->\n<title>O Nas<\/title>\n<meta name=\"robots\" content=\"index, follow, max-snippet:-1, max-image-preview:large, max-video-preview:-1\" \/>\n<link rel=\"canonical\" href=\"https:\/\/www.avides.com\/pl\/o-nas\/\" \/>\n<meta property=\"og:locale\" content=\"pl_PL\" \/>\n<meta property=\"og:type\" content=\"article\" \/>\n<meta property=\"og:title\" content=\"O Nas\" \/>\n<meta property=\"og:description\" content=\"Jeste\u015bmy uznanym sprzedawc\u0105 internetowym i wiod\u0105c\u0105 europejsk\u0105 firm\u0105, kt\u00f3ra od 1997 roku zajmuje si\u0119 powt\u00f3rnym wprowadzaniem towar\u00f3w na rynek. Nasze silne strony to mi\u0119dzynarodowa sie\u0107 handlu i ci\u0105g\u0142e d\u0105\u017cenie do optymalnego rozwi\u0105zywania wyzwa\u0144, stoj\u0105cych przed klientami i dostawcami. Dzia\u0142amy na najwy\u017cszym poziomie profesjonalizmu i opanowania, czerpi\u0105c z tradycji p\u00f3\u0142nocnych Niemiec, sk\u0105d wywodzi si\u0119 nasza firma.\" \/>\n<meta property=\"og:url\" content=\"https:\/\/www.avides.com\/pl\/o-nas\/\" \/>\n<meta property=\"og:site_name\" content=\"AVIDES\" \/>\n<meta property=\"article:modified_time\" content=\"2020-05-08T07:15:31+00:00\" \/>\n<script type=\"application\/ld+json\" class=\"yoast-schema-graph\">{\"@context\":\"https:\\\/\\\/schema.org\",\"@graph\":[{\"@type\":\"WebPage\",\"@id\":\"https:\\\/\\\/www.avides.com\\\/pl\\\/o-nas\\\/\",\"url\":\"https:\\\/\\\/www.avides.com\\\/pl\\\/o-nas\\\/\",\"name\":\"O Nas\",\"isPartOf\":{\"@id\":\"https:\\\/\\\/www.avides.com\\\/pl\\\/#website\"},\"datePublished\":\"2015-02-24T15:03:54+00:00\",\"dateModified\":\"2020-05-08T07:15:31+00:00\",\"breadcrumb\":{\"@id\":\"https:\\\/\\\/www.avides.com\\\/pl\\\/o-nas\\\/#breadcrumb\"},\"inLanguage\":\"pl-PL\",\"potentialAction\":[{\"@type\":\"ReadAction\",\"target\":[\"https:\\\/\\\/www.avides.com\\\/pl\\\/o-nas\\\/\"]}]},{\"@type\":\"BreadcrumbList\",\"@id\":\"https:\\\/\\\/www.avides.com\\\/pl\\\/o-nas\\\/#breadcrumb\",\"itemListElement\":[{\"@type\":\"ListItem\",\"position\":1,\"name\":\"Home\",\"item\":\"https:\\\/\\\/www.avides.com\\\/pl\\\/\"},{\"@type\":\"ListItem\",\"position\":2,\"name\":\"O Nas\"}]},{\"@type\":\"WebSite\",\"@id\":\"https:\\\/\\\/www.avides.com\\\/pl\\\/#website\",\"url\":\"https:\\\/\\\/www.avides.com\\\/pl\\\/\",\"name\":\"AVIDES\",\"description\":\"Your Trade Solution Partner\",\"potentialAction\":[{\"@type\":\"SearchAction\",\"target\":{\"@type\":\"EntryPoint\",\"urlTemplate\":\"https:\\\/\\\/www.avides.com\\\/pl\\\/?s={search_term_string}\"},\"query-input\":{\"@type\":\"PropertyValueSpecification\",\"valueRequired\":true,\"valueName\":\"search_term_string\"}}],\"inLanguage\":\"pl-PL\"}]}<\/script>\n<!-- \/ Yoast SEO plugin. -->","yoast_head_json":{"title":"O Nas","robots":{"index":"index","follow":"follow","max-snippet":"max-snippet:-1","max-image-preview":"max-image-preview:large","max-video-preview":"max-video-preview:-1"},"canonical":"https:\/\/www.avides.com\/pl\/o-nas\/","og_locale":"pl_PL","og_type":"article","og_title":"O Nas","og_description":"Jeste\u015bmy uznanym sprzedawc\u0105 internetowym i wiod\u0105c\u0105 europejsk\u0105 firm\u0105, kt\u00f3ra od 1997 roku zajmuje si\u0119 powt\u00f3rnym wprowadzaniem towar\u00f3w na rynek. Nasze silne strony to mi\u0119dzynarodowa sie\u0107 handlu i ci\u0105g\u0142e d\u0105\u017cenie do optymalnego rozwi\u0105zywania wyzwa\u0144, stoj\u0105cych przed klientami i dostawcami. Dzia\u0142amy na najwy\u017cszym poziomie profesjonalizmu i opanowania, czerpi\u0105c z tradycji p\u00f3\u0142nocnych Niemiec, sk\u0105d wywodzi si\u0119 nasza firma.","og_url":"https:\/\/www.avides.com\/pl\/o-nas\/","og_site_name":"AVIDES","article_modified_time":"2020-05-08T07:15:31+00:00","schema":{"@context":"https:\/\/schema.org","@graph":[{"@type":"WebPage","@id":"https:\/\/www.avides.com\/pl\/o-nas\/","url":"https:\/\/www.avides.com\/pl\/o-nas\/","name":"O Nas","isPartOf":{"@id":"https:\/\/www.avides.com\/pl\/#website"},"datePublished":"2015-02-24T15:03:54+00:00","dateModified":"2020-05-08T07:15:31+00:00","breadcrumb":{"@id":"https:\/\/www.avides.com\/pl\/o-nas\/#breadcrumb"},"inLanguage":"pl-PL","potentialAction":[{"@type":"ReadAction","target":["https:\/\/www.avides.com\/pl\/o-nas\/"]}]},{"@type":"BreadcrumbList","@id":"https:\/\/www.avides.com\/pl\/o-nas\/#breadcrumb","itemListElement":[{"@type":"ListItem","position":1,"name":"Home","item":"https:\/\/www.avides.com\/pl\/"},{"@type":"ListItem","position":2,"name":"O Nas"}]},{"@type":"WebSite","@id":"https:\/\/www.avides.com\/pl\/#website","url":"https:\/\/www.avides.com\/pl\/","name":"AVIDES","description":"Your Trade Solution Partner","potentialAction":[{"@type":"SearchAction","target":{"@type":"EntryPoint","urlTemplate":"https:\/\/www.avides.com\/pl\/?s={search_term_string}"},"query-input":{"@type":"PropertyValueSpecification","valueRequired":true,"valueName":"search_term_string"}}],"inLanguage":"pl-PL"}]}},"_links":{"self":[{"href":"https:\/\/www.avides.com\/pl\/wp-json\/wp\/v2\/pages\/2645","targetHints":{"allow":["GET"]}}],"collection":[{"href":"https:\/\/www.avides.com\/pl\/wp-json\/wp\/v2\/pages"}],"about":[{"href":"https:\/\/www.avides.com\/pl\/wp-json\/wp\/v2\/types\/page"}],"author":[{"embeddable":true,"href":"https:\/\/www.avides.com\/pl\/wp-json\/wp\/v2\/users\/1"}],"replies":[{"embeddable":true,"href":"https:\/\/www.avides.com\/pl\/wp-json\/wp\/v2\/comments?post=2645"}],"version-history":[{"count":2,"href":"https:\/\/www.avides.com\/pl\/wp-json\/wp\/v2\/pages\/2645\/revisions"}],"predecessor-version":[{"id":3551,"href":"https:\/\/www.avides.com\/pl\/wp-json\/wp\/v2\/pages\/2645\/revisions\/3551"}],"wp:attachment":[{"href":"https:\/\/www.avides.com\/pl\/wp-json\/wp\/v2\/media?parent=2645"}],"curies":[{"name":"wp","href":"https:\/\/api.w.org\/{rel}","templated":true}]}}