{"id":2653,"date":"2015-03-02T15:56:17","date_gmt":"2015-03-02T14:56:17","guid":{"rendered":"https:\/\/www.avides.com\/wdrazanie-na-rynek-produktow-ze-zwrotow-konsumenckich\/"},"modified":"2020-05-07T09:18:37","modified_gmt":"2020-05-07T07:18:37","slug":"wdrazanie-na-rynek-produktow-ze-zwrotow-konsumenckich","status":"publish","type":"page","link":"https:\/\/www.avides.com\/pl\/uslugi\/wdrazanie-na-rynek-produktow-ze-zwrotow-konsumenckich\/","title":{"rendered":"Wdrazanie na rynek produkt\u00f3w ze zwrot\u00f3w konsumenckich"},"content":{"rendered":"<h2>W ten spos\u00f3b produkty zostaj\u0105 ponownie wprowadzone na rynek<\/h2>\n","protected":false},"excerpt":{"rendered":"W ten spos\u00f3b produkty zostaj\u0105 ponownie wprowadzone na rynek","protected":false},"author":1,"featured_media":0,"parent":2661,"menu_order":0,"comment_status":"open","ping_status":"open","template":"template-leistung.php","meta":{"_acf_changed":false,"footnotes":""},"class_list":["post-2653","page","type-page","status-publish","hentry"],"acf":[],"yoast_head":"<!-- This site is optimized with the Yoast SEO plugin v27.3 - https:\/\/yoast.com\/product\/yoast-seo-wordpress\/ -->\n<title>Wdrazanie na rynek produkt\u00f3w ze zwrot\u00f3w konsumenckich<\/title>\n<meta name=\"robots\" content=\"index, follow, max-snippet:-1, max-image-preview:large, max-video-preview:-1\" \/>\n<link rel=\"canonical\" href=\"https:\/\/www.avides.com\/pl\/uslugi\/wdrazanie-na-rynek-produktow-ze-zwrotow-konsumenckich\/\" \/>\n<meta property=\"og:locale\" content=\"pl_PL\" \/>\n<meta property=\"og:type\" content=\"article\" \/>\n<meta property=\"og:title\" content=\"Wdrazanie na rynek produkt\u00f3w ze zwrot\u00f3w konsumenckich\" \/>\n<meta property=\"og:description\" content=\"W ten spos\u00f3b produkty zostaj\u0105 ponownie wprowadzone na rynek\" \/>\n<meta property=\"og:url\" content=\"https:\/\/www.avides.com\/pl\/uslugi\/wdrazanie-na-rynek-produktow-ze-zwrotow-konsumenckich\/\" \/>\n<meta property=\"og:site_name\" content=\"AVIDES\" \/>\n<meta property=\"article:modified_time\" content=\"2020-05-07T07:18:37+00:00\" \/>\n<script type=\"application\/ld+json\" class=\"yoast-schema-graph\">{\"@context\":\"https:\\\/\\\/schema.org\",\"@graph\":[{\"@type\":\"WebPage\",\"@id\":\"https:\\\/\\\/www.avides.com\\\/pl\\\/uslugi\\\/wdrazanie-na-rynek-produktow-ze-zwrotow-konsumenckich\\\/\",\"url\":\"https:\\\/\\\/www.avides.com\\\/pl\\\/uslugi\\\/wdrazanie-na-rynek-produktow-ze-zwrotow-konsumenckich\\\/\",\"name\":\"Wdrazanie na rynek produkt\u00f3w ze zwrot\u00f3w konsumenckich\",\"isPartOf\":{\"@id\":\"https:\\\/\\\/www.avides.com\\\/pl\\\/#website\"},\"datePublished\":\"2015-03-02T14:56:17+00:00\",\"dateModified\":\"2020-05-07T07:18:37+00:00\",\"breadcrumb\":{\"@id\":\"https:\\\/\\\/www.avides.com\\\/pl\\\/uslugi\\\/wdrazanie-na-rynek-produktow-ze-zwrotow-konsumenckich\\\/#breadcrumb\"},\"inLanguage\":\"pl-PL\",\"potentialAction\":[{\"@type\":\"ReadAction\",\"target\":[\"https:\\\/\\\/www.avides.com\\\/pl\\\/uslugi\\\/wdrazanie-na-rynek-produktow-ze-zwrotow-konsumenckich\\\/\"]}]},{\"@type\":\"BreadcrumbList\",\"@id\":\"https:\\\/\\\/www.avides.com\\\/pl\\\/uslugi\\\/wdrazanie-na-rynek-produktow-ze-zwrotow-konsumenckich\\\/#breadcrumb\",\"itemListElement\":[{\"@type\":\"ListItem\",\"position\":1,\"name\":\"Home\",\"item\":\"https:\\\/\\\/www.avides.com\\\/pl\\\/\"},{\"@type\":\"ListItem\",\"position\":2,\"name\":\"Us\u0142ugi\",\"item\":\"https:\\\/\\\/www.avides.com\\\/pl\\\/uslugi\\\/\"},{\"@type\":\"ListItem\",\"position\":3,\"name\":\"Wdrazanie na rynek produkt\u00f3w ze zwrot\u00f3w konsumenckich\"}]},{\"@type\":\"WebSite\",\"@id\":\"https:\\\/\\\/www.avides.com\\\/pl\\\/#website\",\"url\":\"https:\\\/\\\/www.avides.com\\\/pl\\\/\",\"name\":\"AVIDES\",\"description\":\"Your Trade Solution Partner\",\"potentialAction\":[{\"@type\":\"SearchAction\",\"target\":{\"@type\":\"EntryPoint\",\"urlTemplate\":\"https:\\\/\\\/www.avides.com\\\/pl\\\/?s={search_term_string}\"},\"query-input\":{\"@type\":\"PropertyValueSpecification\",\"valueRequired\":true,\"valueName\":\"search_term_string\"}}],\"inLanguage\":\"pl-PL\"}]}<\/script>\n<!-- \/ Yoast SEO plugin. -->","yoast_head_json":{"title":"Wdrazanie na rynek produkt\u00f3w ze zwrot\u00f3w konsumenckich","robots":{"index":"index","follow":"follow","max-snippet":"max-snippet:-1","max-image-preview":"max-image-preview:large","max-video-preview":"max-video-preview:-1"},"canonical":"https:\/\/www.avides.com\/pl\/uslugi\/wdrazanie-na-rynek-produktow-ze-zwrotow-konsumenckich\/","og_locale":"pl_PL","og_type":"article","og_title":"Wdrazanie na rynek produkt\u00f3w ze zwrot\u00f3w konsumenckich","og_description":"W ten spos\u00f3b produkty zostaj\u0105 ponownie wprowadzone na rynek","og_url":"https:\/\/www.avides.com\/pl\/uslugi\/wdrazanie-na-rynek-produktow-ze-zwrotow-konsumenckich\/","og_site_name":"AVIDES","article_modified_time":"2020-05-07T07:18:37+00:00","schema":{"@context":"https:\/\/schema.org","@graph":[{"@type":"WebPage","@id":"https:\/\/www.avides.com\/pl\/uslugi\/wdrazanie-na-rynek-produktow-ze-zwrotow-konsumenckich\/","url":"https:\/\/www.avides.com\/pl\/uslugi\/wdrazanie-na-rynek-produktow-ze-zwrotow-konsumenckich\/","name":"Wdrazanie na rynek produkt\u00f3w ze zwrot\u00f3w konsumenckich","isPartOf":{"@id":"https:\/\/www.avides.com\/pl\/#website"},"datePublished":"2015-03-02T14:56:17+00:00","dateModified":"2020-05-07T07:18:37+00:00","breadcrumb":{"@id":"https:\/\/www.avides.com\/pl\/uslugi\/wdrazanie-na-rynek-produktow-ze-zwrotow-konsumenckich\/#breadcrumb"},"inLanguage":"pl-PL","potentialAction":[{"@type":"ReadAction","target":["https:\/\/www.avides.com\/pl\/uslugi\/wdrazanie-na-rynek-produktow-ze-zwrotow-konsumenckich\/"]}]},{"@type":"BreadcrumbList","@id":"https:\/\/www.avides.com\/pl\/uslugi\/wdrazanie-na-rynek-produktow-ze-zwrotow-konsumenckich\/#breadcrumb","itemListElement":[{"@type":"ListItem","position":1,"name":"Home","item":"https:\/\/www.avides.com\/pl\/"},{"@type":"ListItem","position":2,"name":"Us\u0142ugi","item":"https:\/\/www.avides.com\/pl\/uslugi\/"},{"@type":"ListItem","position":3,"name":"Wdrazanie na rynek produkt\u00f3w ze zwrot\u00f3w konsumenckich"}]},{"@type":"WebSite","@id":"https:\/\/www.avides.com\/pl\/#website","url":"https:\/\/www.avides.com\/pl\/","name":"AVIDES","description":"Your Trade Solution Partner","potentialAction":[{"@type":"SearchAction","target":{"@type":"EntryPoint","urlTemplate":"https:\/\/www.avides.com\/pl\/?s={search_term_string}"},"query-input":{"@type":"PropertyValueSpecification","valueRequired":true,"valueName":"search_term_string"}}],"inLanguage":"pl-PL"}]}},"_links":{"self":[{"href":"https:\/\/www.avides.com\/pl\/wp-json\/wp\/v2\/pages\/2653","targetHints":{"allow":["GET"]}}],"collection":[{"href":"https:\/\/www.avides.com\/pl\/wp-json\/wp\/v2\/pages"}],"about":[{"href":"https:\/\/www.avides.com\/pl\/wp-json\/wp\/v2\/types\/page"}],"author":[{"embeddable":true,"href":"https:\/\/www.avides.com\/pl\/wp-json\/wp\/v2\/users\/1"}],"replies":[{"embeddable":true,"href":"https:\/\/www.avides.com\/pl\/wp-json\/wp\/v2\/comments?post=2653"}],"version-history":[{"count":1,"href":"https:\/\/www.avides.com\/pl\/wp-json\/wp\/v2\/pages\/2653\/revisions"}],"predecessor-version":[{"id":3517,"href":"https:\/\/www.avides.com\/pl\/wp-json\/wp\/v2\/pages\/2653\/revisions\/3517"}],"up":[{"embeddable":true,"href":"https:\/\/www.avides.com\/pl\/wp-json\/wp\/v2\/pages\/2661"}],"wp:attachment":[{"href":"https:\/\/www.avides.com\/pl\/wp-json\/wp\/v2\/media?parent=2653"}],"curies":[{"name":"wp","href":"https:\/\/api.w.org\/{rel}","templated":true}]}}