{"id":2665,"date":"2015-03-04T11:19:29","date_gmt":"2015-03-04T10:19:29","guid":{"rendered":"https:\/\/www.avides.com\/home\/"},"modified":"2020-05-07T17:16:29","modified_gmt":"2020-05-07T15:16:29","slug":"home","status":"publish","type":"page","link":"https:\/\/www.avides.com\/pl\/","title":{"rendered":"Home"},"content":{"rendered":"<h1>Your tradesolution partner<\/h1>\n<p><strong>Sprzedawca z pasj\u0105<\/strong><br \/>\nTowary ze zwrot\u00f3w konsumenckich, odnowione i nadwy\u017cki stan\u00f3w magazynowych \u2013 w tym si\u0119 specjalizujemy. Bogate do\u015bwiadczenie w dostarczaniu towar\u00f3w do odbiorcy finalnego oraz w sprzeda\u017cy towar\u00f3w naszym partnerom \u2013 oto korzy\u015bci dla naszych klient\u00f3w. Znamy nie tylko specyfik\u0119 rynku, ale r\u00f3wnie\u017c potrzeby i wymagania naszych klient\u00f3w. Dzi\u0119ki naszej innowacyjnej technologii IT mo\u017cemy sprosta\u0107 tym wymaganiom. Z drugiej strony dzi\u0119ki tej technologii nasi partnerzy maj\u0105 wgl\u0105d w wa\u017cne dane z zakresu optymalizacji proces\u00f3w.<\/p>\n","protected":false},"excerpt":{"rendered":"Your tradesolution partner Sprzedawca z pasj\u0105 Towary ze zwrot\u00f3w konsumenckich, odnowione i nadwy\u017cki stan\u00f3w magazynowych \u2013 w tym si\u0119 specjalizujemy. Bogate do\u015bwiadczenie w dostarczaniu towar\u00f3w do odbiorcy finalnego oraz w sprzeda\u017cy towar\u00f3w naszym partnerom \u2013 oto korzy\u015bci dla naszych klient\u00f3w. Znamy nie tylko specyfik\u0119 rynku, ale r\u00f3wnie\u017c potrzeby i wymagania naszych klient\u00f3w. Dzi\u0119ki naszej innowacyjnej&#8230; <a class=\"view-article\" href=\"https:\/\/www.avides.com\/pl\/\">View Article<\/a>","protected":false},"author":1,"featured_media":0,"parent":0,"menu_order":0,"comment_status":"open","ping_status":"open","template":"front-page.php","meta":{"_acf_changed":false,"footnotes":""},"class_list":["post-2665","page","type-page","status-publish","hentry"],"acf":[],"yoast_head":"<!-- This site is optimized with the Yoast SEO plugin v27.6 - https:\/\/yoast.com\/product\/yoast-seo-wordpress\/ -->\n<title>Home<\/title>\n<meta name=\"robots\" content=\"index, follow, max-snippet:-1, max-image-preview:large, max-video-preview:-1\" \/>\n<link rel=\"canonical\" href=\"https:\/\/www.avides.com\/pl\/\" \/>\n<meta property=\"og:locale\" content=\"pl_PL\" \/>\n<meta property=\"og:type\" content=\"article\" \/>\n<meta property=\"og:title\" content=\"Home\" \/>\n<meta property=\"og:description\" content=\"Your tradesolution partner Sprzedawca z pasj\u0105 Towary ze zwrot\u00f3w konsumenckich, odnowione i nadwy\u017cki stan\u00f3w magazynowych \u2013 w tym si\u0119 specjalizujemy. Bogate do\u015bwiadczenie w dostarczaniu towar\u00f3w do odbiorcy finalnego oraz w sprzeda\u017cy towar\u00f3w naszym partnerom \u2013 oto korzy\u015bci dla naszych klient\u00f3w. Znamy nie tylko specyfik\u0119 rynku, ale r\u00f3wnie\u017c potrzeby i wymagania naszych klient\u00f3w. Dzi\u0119ki naszej innowacyjnej... View Article\" \/>\n<meta property=\"og:url\" content=\"https:\/\/www.avides.com\/pl\/\" \/>\n<meta property=\"og:site_name\" content=\"AVIDES\" \/>\n<meta property=\"article:modified_time\" content=\"2020-05-07T15:16:29+00:00\" \/>\n<script type=\"application\/ld+json\" class=\"yoast-schema-graph\">{\"@context\":\"https:\\\/\\\/schema.org\",\"@graph\":[{\"@type\":\"WebPage\",\"@id\":\"https:\\\/\\\/www.avides.com\\\/pl\\\/\",\"url\":\"https:\\\/\\\/www.avides.com\\\/pl\\\/\",\"name\":\"Home\",\"isPartOf\":{\"@id\":\"https:\\\/\\\/www.avides.com\\\/pl\\\/#website\"},\"datePublished\":\"2015-03-04T10:19:29+00:00\",\"dateModified\":\"2020-05-07T15:16:29+00:00\",\"breadcrumb\":{\"@id\":\"https:\\\/\\\/www.avides.com\\\/pl\\\/#breadcrumb\"},\"inLanguage\":\"pl-PL\",\"potentialAction\":[{\"@type\":\"ReadAction\",\"target\":[\"https:\\\/\\\/www.avides.com\\\/pl\\\/\"]}]},{\"@type\":\"BreadcrumbList\",\"@id\":\"https:\\\/\\\/www.avides.com\\\/pl\\\/#breadcrumb\",\"itemListElement\":[{\"@type\":\"ListItem\",\"position\":1,\"name\":\"Home\",\"item\":\"https:\\\/\\\/www.avides.com\\\/pl\\\/\"},{\"@type\":\"ListItem\",\"position\":2,\"name\":\"Home\"}]},{\"@type\":\"WebSite\",\"@id\":\"https:\\\/\\\/www.avides.com\\\/pl\\\/#website\",\"url\":\"https:\\\/\\\/www.avides.com\\\/pl\\\/\",\"name\":\"AVIDES\",\"description\":\"Your Trade Solution Partner\",\"potentialAction\":[{\"@type\":\"SearchAction\",\"target\":{\"@type\":\"EntryPoint\",\"urlTemplate\":\"https:\\\/\\\/www.avides.com\\\/pl\\\/?s={search_term_string}\"},\"query-input\":{\"@type\":\"PropertyValueSpecification\",\"valueRequired\":true,\"valueName\":\"search_term_string\"}}],\"inLanguage\":\"pl-PL\"}]}<\/script>\n<!-- \/ Yoast SEO plugin. -->","yoast_head_json":{"title":"Home","robots":{"index":"index","follow":"follow","max-snippet":"max-snippet:-1","max-image-preview":"max-image-preview:large","max-video-preview":"max-video-preview:-1"},"canonical":"https:\/\/www.avides.com\/pl\/","og_locale":"pl_PL","og_type":"article","og_title":"Home","og_description":"Your tradesolution partner Sprzedawca z pasj\u0105 Towary ze zwrot\u00f3w konsumenckich, odnowione i nadwy\u017cki stan\u00f3w magazynowych \u2013 w tym si\u0119 specjalizujemy. Bogate do\u015bwiadczenie w dostarczaniu towar\u00f3w do odbiorcy finalnego oraz w sprzeda\u017cy towar\u00f3w naszym partnerom \u2013 oto korzy\u015bci dla naszych klient\u00f3w. Znamy nie tylko specyfik\u0119 rynku, ale r\u00f3wnie\u017c potrzeby i wymagania naszych klient\u00f3w. Dzi\u0119ki naszej innowacyjnej... View Article","og_url":"https:\/\/www.avides.com\/pl\/","og_site_name":"AVIDES","article_modified_time":"2020-05-07T15:16:29+00:00","schema":{"@context":"https:\/\/schema.org","@graph":[{"@type":"WebPage","@id":"https:\/\/www.avides.com\/pl\/","url":"https:\/\/www.avides.com\/pl\/","name":"Home","isPartOf":{"@id":"https:\/\/www.avides.com\/pl\/#website"},"datePublished":"2015-03-04T10:19:29+00:00","dateModified":"2020-05-07T15:16:29+00:00","breadcrumb":{"@id":"https:\/\/www.avides.com\/pl\/#breadcrumb"},"inLanguage":"pl-PL","potentialAction":[{"@type":"ReadAction","target":["https:\/\/www.avides.com\/pl\/"]}]},{"@type":"BreadcrumbList","@id":"https:\/\/www.avides.com\/pl\/#breadcrumb","itemListElement":[{"@type":"ListItem","position":1,"name":"Home","item":"https:\/\/www.avides.com\/pl\/"},{"@type":"ListItem","position":2,"name":"Home"}]},{"@type":"WebSite","@id":"https:\/\/www.avides.com\/pl\/#website","url":"https:\/\/www.avides.com\/pl\/","name":"AVIDES","description":"Your Trade Solution Partner","potentialAction":[{"@type":"SearchAction","target":{"@type":"EntryPoint","urlTemplate":"https:\/\/www.avides.com\/pl\/?s={search_term_string}"},"query-input":{"@type":"PropertyValueSpecification","valueRequired":true,"valueName":"search_term_string"}}],"inLanguage":"pl-PL"}]}},"_links":{"self":[{"href":"https:\/\/www.avides.com\/pl\/wp-json\/wp\/v2\/pages\/2665","targetHints":{"allow":["GET"]}}],"collection":[{"href":"https:\/\/www.avides.com\/pl\/wp-json\/wp\/v2\/pages"}],"about":[{"href":"https:\/\/www.avides.com\/pl\/wp-json\/wp\/v2\/types\/page"}],"author":[{"embeddable":true,"href":"https:\/\/www.avides.com\/pl\/wp-json\/wp\/v2\/users\/1"}],"replies":[{"embeddable":true,"href":"https:\/\/www.avides.com\/pl\/wp-json\/wp\/v2\/comments?post=2665"}],"version-history":[{"count":3,"href":"https:\/\/www.avides.com\/pl\/wp-json\/wp\/v2\/pages\/2665\/revisions"}],"predecessor-version":[{"id":3543,"href":"https:\/\/www.avides.com\/pl\/wp-json\/wp\/v2\/pages\/2665\/revisions\/3543"}],"wp:attachment":[{"href":"https:\/\/www.avides.com\/pl\/wp-json\/wp\/v2\/media?parent=2665"}],"curies":[{"name":"wp","href":"https:\/\/api.w.org\/{rel}","templated":true}]}}