{"id":3836,"date":"2026-02-25T16:39:37","date_gmt":"2026-02-25T15:39:37","guid":{"rendered":"https:\/\/www.avides.com\/?page_id=3836"},"modified":"2026-02-25T17:14:36","modified_gmt":"2026-02-25T16:14:36","slug":"stopka-redakcyjna","status":"publish","type":"page","link":"https:\/\/www.avides.com\/pl\/stopka-redakcyjna\/","title":{"rendered":"Stopka redakcyjna"},"content":{"rendered":"<h2 style=\"text-align: left;\" data-renderer-start-pos=\"4690\"><strong data-renderer-mark=\"true\">Dane identyfikacyjne us\u0142ugodawcy<\/strong><\/h2>\n<pre style=\"text-align: left;\" data-renderer-start-pos=\"4724\">Avides.pl Sp. z o.o.\r\nul. Magazynowa 7\r\n80-180 Kowale\r\nPolska\r\n\r\n<span class=\"acronym-highlight\">KRS<\/span>:\u00a00000450549\r\nS\u0105d Rejonowy Gda\u0144sk-P\u00f3\u0142noc w Gda\u0144sku, VII Wydzia\u0142 Gospodarczy Krajowego Rejestru S\u0105dowego\r\n\r\nNIP: 957-106-78-93\r\n<span class=\"acronym-highlight\">REGON<\/span>:\u00a0221831572\r\n\r\nKapita\u0142 zak\u0142adowy: 200 000 <span class=\"acronym-highlight\">PLN<\/span> (w ca\u0142o\u015bci op\u0142acony)\r\n\r\nReprezentowana przez: Ralf Werner Hastedt \u2013 Prezes Zarz\u0105du i Waldemar Muth \u2013 Wiceprezes Zarz\u0105du\r\n\r\nKontakt:\r\nE-mail: <a class=\"_ymio1r31 _ypr0glyw _zcxs1o36 _mizu194a _1ah3dkaa _ra3xnqa1 _128mdkaa _1cvmnqa1 _4davt94y _4bfu18uv _1hms8stv _ajmmnqa1 _vchhusvi _kqswh2mm _ect4ttxp _syaz13af _1a3b18uv _4fpr8stv _5goinqa1 _f8pj13af _9oik18uv _1bnxglyw _jf4cnqa1 _30l313af _1nrm18uv _c2waglyw _1iohnqa1 _9h8h12zz _10531ra0 _1ien1ra0 _n0fx1ra0 _1vhv17z1\" title=\"mailto:biuro@avides.com\" href=\"mailto:biuro@avides.com\" data-renderer-mark=\"true\"><u data-renderer-mark=\"true\">biuro@avides.com<\/u><\/a>\r\nTel.: +48\u00a0587657844\r\n\r\n<a href=\"https:\/\/www.avides.com\/pl\/oswiadczenie-o-ochronie-danych-osobowych\/\">O\u015bwiadczenie o ochronie danych osobowych<\/a><\/pre>\n","protected":false},"excerpt":{"rendered":"Dane identyfikacyjne us\u0142ugodawcy Avides.pl Sp. z o.o. ul. Magazynowa 7 80-180 Kowale Polska KRS:\u00a00000450549 S\u0105d Rejonowy Gda\u0144sk-P\u00f3\u0142noc w Gda\u0144sku, VII Wydzia\u0142 Gospodarczy Krajowego Rejestru S\u0105dowego NIP: 957-106-78-93 REGON:\u00a0221831572 Kapita\u0142 zak\u0142adowy: 200 000 PLN (w ca\u0142o\u015bci op\u0142acony) Reprezentowana przez: Ralf Werner Hastedt \u2013 Prezes Zarz\u0105du i Waldemar Muth \u2013 Wiceprezes Zarz\u0105du Kontakt: E-mail: biuro@avides.com Tel.: +48\u00a0587657844&#8230; <a class=\"view-article\" href=\"https:\/\/www.avides.com\/pl\/stopka-redakcyjna\/\">View Article<\/a>","protected":false},"author":13,"featured_media":0,"parent":0,"menu_order":0,"comment_status":"closed","ping_status":"closed","template":"template-textpage.php","meta":{"_acf_changed":false,"footnotes":""},"class_list":["post-3836","page","type-page","status-publish","hentry"],"acf":[],"yoast_head":"<!-- This site is optimized with the Yoast SEO plugin v27.3 - https:\/\/yoast.com\/product\/yoast-seo-wordpress\/ -->\n<title>Stopka redakcyjna<\/title>\n<meta name=\"robots\" content=\"index, follow, max-snippet:-1, max-image-preview:large, max-video-preview:-1\" \/>\n<link rel=\"canonical\" href=\"https:\/\/www.avides.com\/pl\/stopka-redakcyjna\/\" \/>\n<meta property=\"og:locale\" content=\"pl_PL\" \/>\n<meta property=\"og:type\" content=\"article\" \/>\n<meta property=\"og:title\" content=\"Stopka redakcyjna\" \/>\n<meta property=\"og:description\" content=\"Dane identyfikacyjne us\u0142ugodawcy Avides.pl Sp. z o.o. ul. Magazynowa 7 80-180 Kowale Polska KRS:\u00a00000450549 S\u0105d Rejonowy Gda\u0144sk-P\u00f3\u0142noc w Gda\u0144sku, VII Wydzia\u0142 Gospodarczy Krajowego Rejestru S\u0105dowego NIP: 957-106-78-93 REGON:\u00a0221831572 Kapita\u0142 zak\u0142adowy: 200 000 PLN (w ca\u0142o\u015bci op\u0142acony) Reprezentowana przez: Ralf Werner Hastedt \u2013 Prezes Zarz\u0105du i Waldemar Muth \u2013 Wiceprezes Zarz\u0105du Kontakt: E-mail: biuro@avides.com Tel.: +48\u00a0587657844... View Article\" \/>\n<meta property=\"og:url\" content=\"https:\/\/www.avides.com\/pl\/stopka-redakcyjna\/\" \/>\n<meta property=\"og:site_name\" content=\"AVIDES\" \/>\n<meta property=\"article:modified_time\" content=\"2026-02-25T16:14:36+00:00\" \/>\n<meta name=\"twitter:label1\" content=\"Szacowany czas czytania\" \/>\n\t<meta name=\"twitter:data1\" content=\"1 minuta\" \/>\n<script type=\"application\/ld+json\" class=\"yoast-schema-graph\">{\"@context\":\"https:\\\/\\\/schema.org\",\"@graph\":[{\"@type\":\"WebPage\",\"@id\":\"https:\\\/\\\/www.avides.com\\\/pl\\\/stopka-redakcyjna\\\/\",\"url\":\"https:\\\/\\\/www.avides.com\\\/pl\\\/stopka-redakcyjna\\\/\",\"name\":\"Stopka redakcyjna\",\"isPartOf\":{\"@id\":\"https:\\\/\\\/www.avides.com\\\/pl\\\/#website\"},\"datePublished\":\"2026-02-25T15:39:37+00:00\",\"dateModified\":\"2026-02-25T16:14:36+00:00\",\"breadcrumb\":{\"@id\":\"https:\\\/\\\/www.avides.com\\\/pl\\\/stopka-redakcyjna\\\/#breadcrumb\"},\"inLanguage\":\"pl-PL\",\"potentialAction\":[{\"@type\":\"ReadAction\",\"target\":[\"https:\\\/\\\/www.avides.com\\\/pl\\\/stopka-redakcyjna\\\/\"]}]},{\"@type\":\"BreadcrumbList\",\"@id\":\"https:\\\/\\\/www.avides.com\\\/pl\\\/stopka-redakcyjna\\\/#breadcrumb\",\"itemListElement\":[{\"@type\":\"ListItem\",\"position\":1,\"name\":\"Home\",\"item\":\"https:\\\/\\\/www.avides.com\\\/pl\\\/\"},{\"@type\":\"ListItem\",\"position\":2,\"name\":\"Stopka redakcyjna\"}]},{\"@type\":\"WebSite\",\"@id\":\"https:\\\/\\\/www.avides.com\\\/pl\\\/#website\",\"url\":\"https:\\\/\\\/www.avides.com\\\/pl\\\/\",\"name\":\"AVIDES\",\"description\":\"Your Trade Solution Partner\",\"potentialAction\":[{\"@type\":\"SearchAction\",\"target\":{\"@type\":\"EntryPoint\",\"urlTemplate\":\"https:\\\/\\\/www.avides.com\\\/pl\\\/?s={search_term_string}\"},\"query-input\":{\"@type\":\"PropertyValueSpecification\",\"valueRequired\":true,\"valueName\":\"search_term_string\"}}],\"inLanguage\":\"pl-PL\"}]}<\/script>\n<!-- \/ Yoast SEO plugin. -->","yoast_head_json":{"title":"Stopka redakcyjna","robots":{"index":"index","follow":"follow","max-snippet":"max-snippet:-1","max-image-preview":"max-image-preview:large","max-video-preview":"max-video-preview:-1"},"canonical":"https:\/\/www.avides.com\/pl\/stopka-redakcyjna\/","og_locale":"pl_PL","og_type":"article","og_title":"Stopka redakcyjna","og_description":"Dane identyfikacyjne us\u0142ugodawcy Avides.pl Sp. z o.o. ul. Magazynowa 7 80-180 Kowale Polska KRS:\u00a00000450549 S\u0105d Rejonowy Gda\u0144sk-P\u00f3\u0142noc w Gda\u0144sku, VII Wydzia\u0142 Gospodarczy Krajowego Rejestru S\u0105dowego NIP: 957-106-78-93 REGON:\u00a0221831572 Kapita\u0142 zak\u0142adowy: 200 000 PLN (w ca\u0142o\u015bci op\u0142acony) Reprezentowana przez: Ralf Werner Hastedt \u2013 Prezes Zarz\u0105du i Waldemar Muth \u2013 Wiceprezes Zarz\u0105du Kontakt: E-mail: biuro@avides.com Tel.: +48\u00a0587657844... View Article","og_url":"https:\/\/www.avides.com\/pl\/stopka-redakcyjna\/","og_site_name":"AVIDES","article_modified_time":"2026-02-25T16:14:36+00:00","twitter_misc":{"Szacowany czas czytania":"1 minuta"},"schema":{"@context":"https:\/\/schema.org","@graph":[{"@type":"WebPage","@id":"https:\/\/www.avides.com\/pl\/stopka-redakcyjna\/","url":"https:\/\/www.avides.com\/pl\/stopka-redakcyjna\/","name":"Stopka redakcyjna","isPartOf":{"@id":"https:\/\/www.avides.com\/pl\/#website"},"datePublished":"2026-02-25T15:39:37+00:00","dateModified":"2026-02-25T16:14:36+00:00","breadcrumb":{"@id":"https:\/\/www.avides.com\/pl\/stopka-redakcyjna\/#breadcrumb"},"inLanguage":"pl-PL","potentialAction":[{"@type":"ReadAction","target":["https:\/\/www.avides.com\/pl\/stopka-redakcyjna\/"]}]},{"@type":"BreadcrumbList","@id":"https:\/\/www.avides.com\/pl\/stopka-redakcyjna\/#breadcrumb","itemListElement":[{"@type":"ListItem","position":1,"name":"Home","item":"https:\/\/www.avides.com\/pl\/"},{"@type":"ListItem","position":2,"name":"Stopka redakcyjna"}]},{"@type":"WebSite","@id":"https:\/\/www.avides.com\/pl\/#website","url":"https:\/\/www.avides.com\/pl\/","name":"AVIDES","description":"Your Trade Solution Partner","potentialAction":[{"@type":"SearchAction","target":{"@type":"EntryPoint","urlTemplate":"https:\/\/www.avides.com\/pl\/?s={search_term_string}"},"query-input":{"@type":"PropertyValueSpecification","valueRequired":true,"valueName":"search_term_string"}}],"inLanguage":"pl-PL"}]}},"_links":{"self":[{"href":"https:\/\/www.avides.com\/pl\/wp-json\/wp\/v2\/pages\/3836","targetHints":{"allow":["GET"]}}],"collection":[{"href":"https:\/\/www.avides.com\/pl\/wp-json\/wp\/v2\/pages"}],"about":[{"href":"https:\/\/www.avides.com\/pl\/wp-json\/wp\/v2\/types\/page"}],"author":[{"embeddable":true,"href":"https:\/\/www.avides.com\/pl\/wp-json\/wp\/v2\/users\/13"}],"replies":[{"embeddable":true,"href":"https:\/\/www.avides.com\/pl\/wp-json\/wp\/v2\/comments?post=3836"}],"version-history":[{"count":12,"href":"https:\/\/www.avides.com\/pl\/wp-json\/wp\/v2\/pages\/3836\/revisions"}],"predecessor-version":[{"id":3852,"href":"https:\/\/www.avides.com\/pl\/wp-json\/wp\/v2\/pages\/3836\/revisions\/3852"}],"wp:attachment":[{"href":"https:\/\/www.avides.com\/pl\/wp-json\/wp\/v2\/media?parent=3836"}],"curies":[{"name":"wp","href":"https:\/\/api.w.org\/{rel}","templated":true}]}}