{"id":3848,"date":"2026-02-25T17:10:18","date_gmt":"2026-02-25T16:10:18","guid":{"rendered":"https:\/\/www.avides.com\/?page_id=3848"},"modified":"2026-02-25T17:11:36","modified_gmt":"2026-02-25T16:11:36","slug":"oswiadczenie-o-ochronie-danych-osobowych","status":"publish","type":"page","link":"https:\/\/www.avides.com\/pl\/oswiadczenie-o-ochronie-danych-osobowych\/","title":{"rendered":"O\u015bwiadczenie o ochronie danych osobowych"},"content":{"rendered":"<h2 data-renderer-start-pos=\"599\">Polityka Prywatno\u015bci<\/h2>\n<p data-renderer-start-pos=\"621\">Ostatnia aktualizacja: 25.02.2026<\/p>\n<p data-renderer-start-pos=\"656\">Niniejsza Polityka Prywatno\u015bci wyja\u015bnia, w jaki spos\u00f3b dane osobowe s\u0105 zbierane, wykorzystywane i chronione podczas korzystania z niniejszej strony internetowej prowadzonej przez:<\/p>\n<p data-renderer-start-pos=\"837\">Nazwa firmy: Avides.pl Sp. z o.o.<\/p>\n<p data-renderer-start-pos=\"872\">Adres siedziby: ul. Magazynowa 7 80-180 Kowale Polska<\/p>\n<p data-renderer-start-pos=\"927\">E-mail: <a class=\"_ymio1r31 _ypr0glyw _zcxs1o36 _mizu194a _1ah3dkaa _ra3xnqa1 _128mdkaa _1cvmnqa1 _4davt94y _4bfu18uv _1hms8stv _ajmmnqa1 _vchhusvi _kqswh2mm _ect4ttxp _syaz13af _1a3b18uv _4fpr8stv _5goinqa1 _f8pj13af _9oik18uv _1bnxglyw _jf4cnqa1 _30l313af _1nrm18uv _c2waglyw _1iohnqa1 _9h8h12zz _10531ra0 _1ien1ra0 _n0fx1ra0 _1vhv17z1\" title=\"mailto:biuro@avides.com\" href=\"mailto:biuro@avides.com\" data-renderer-mark=\"true\">biuro@avides.com<\/a><\/p>\n<p data-renderer-start-pos=\"953\">Strona internetowa: <a class=\"_ymio1r31 _ypr0glyw _zcxs1o36 _mizu194a _1ah3dkaa _ra3xnqa1 _128mdkaa _1cvmnqa1 _4davt94y _4bfu18uv _1hms8stv _ajmmnqa1 _vchhusvi _kqswh2mm _ect4ttxp _syaz13af _1a3b18uv _4fpr8stv _5goinqa1 _f8pj13af _9oik18uv _1bnxglyw _jf4cnqa1 _30l313af _1nrm18uv _c2waglyw _1iohnqa1 _9h8h12zz _10531ra0 _1ien1ra0 _n0fx1ra0 _1vhv17z1\" title=\"https:\/\/www.avides.com\/\" href=\"https:\/\/www.avides.com\/\" data-renderer-mark=\"true\">https:\/\/www.avides.com\/<\/a><\/p>\n<p data-renderer-start-pos=\"998\">Firma jest administratorem danych osobowych w rozumieniu Rozporz\u0105dzenia Parlamentu Europejskiego i Rady (<span class=\"acronym-highlight\">UE<\/span>) 2016\/679 (<span class=\"acronym-highlight\">RODO<\/span>).<\/p>\n<ol class=\"ak-ol\" start=\"1\" data-indent-level=\"1\">\n<li>\n<p data-renderer-start-pos=\"1127\">Zakres przetwarzania danych<\/p>\n<\/li>\n<\/ol>\n<p data-renderer-start-pos=\"1158\">Przetwarzamy dane osobowe wy\u0142\u0105cznie w zakresie niezb\u0119dnym do zapewnienia prawid\u0142owego funkcjonowania strony internetowej oraz jej bezpiecze\u0144stwa i wydajno\u015bci.<\/p>\n<p data-renderer-start-pos=\"1318\">Podczas odwiedzania naszej strony internetowej dostawca hostingu mo\u017ce automatycznie zbiera\u0107 nast\u0119puj\u0105ce dane:<\/p>\n<p data-renderer-start-pos=\"1429\">adres IP<\/p>\n<p data-renderer-start-pos=\"1439\">data i godzina dost\u0119pu<\/p>\n<p data-renderer-start-pos=\"1463\">typ i wersja przegl\u0105darki<\/p>\n<p data-renderer-start-pos=\"1490\">system operacyjny<\/p>\n<p data-renderer-start-pos=\"1509\">adres URL strony odsy\u0142aj\u0105cej (referrer)<\/p>\n<p data-renderer-start-pos=\"1550\">odwiedzone podstrony<\/p>\n<p data-renderer-start-pos=\"1572\">status dost\u0119pu \/ kod HTTP<\/p>\n<p data-renderer-start-pos=\"1599\">Dane te s\u0105 przetwarzane w celu zapewnienia technicznego dzia\u0142ania oraz bezpiecze\u0144stwa strony.<\/p>\n<p data-renderer-start-pos=\"1694\">Podstawa prawna: art. 6 ust. 1 lit. f RODO (uzasadniony interes administratora).<\/p>\n<ol class=\"ak-ol\" start=\"2\" data-indent-level=\"1\">\n<li>\n<p data-renderer-start-pos=\"1778\">Pliki cookies<\/p>\n<\/li>\n<\/ol>\n<p data-renderer-start-pos=\"1795\">Nasza strona internetowa wykorzystuje pliki cookies. Cookies to niewielkie pliki tekstowe zapisywane na urz\u0105dzeniu u\u017cytkownika przez przegl\u0105dark\u0119 internetow\u0105.<\/p>\n<p data-renderer-start-pos=\"1955\">2.1 Rodzaje u\u017cywanych cookies<\/p>\n<p data-renderer-start-pos=\"1986\">Niezb\u0119dne pliki cookies<\/p>\n<p data-renderer-start-pos=\"2011\">wymagane do prawid\u0142owego dzia\u0142ania strony,<\/p>\n<p data-renderer-start-pos=\"2055\">umo\u017cliwiaj\u0105 podstawowe funkcje, takie jak nawigacja i bezpiecze\u0144stwo.<\/p>\n<p data-renderer-start-pos=\"2126\">Analityczne lub funkcjonalne pliki cookies (je\u015bli dotyczy)<\/p>\n<p data-renderer-start-pos=\"2186\">pomagaj\u0105 nam zrozumie\u0107 spos\u00f3b korzystania ze strony,<\/p>\n<p data-renderer-start-pos=\"2240\">umo\u017cliwiaj\u0105 popraw\u0119 wydajno\u015bci i do\u015bwiadczenia u\u017cytkownika.<\/p>\n<p data-renderer-start-pos=\"2301\">Pliki cookies inne ni\u017c niezb\u0119dne s\u0105 stosowane wy\u0142\u0105cznie po uzyskaniu zgody u\u017cytkownika za po\u015brednictwem banera cookies.<\/p>\n<p data-renderer-start-pos=\"2422\">Podstawa prawna:<\/p>\n<p data-renderer-start-pos=\"2440\">cookies niezb\u0119dne: art. 6 ust. 1 lit. f RODO<\/p>\n<p data-renderer-start-pos=\"2486\">cookies opcjonalne: art. 6 ust. 1 lit. a RODO (zgoda)<\/p>\n<p data-renderer-start-pos=\"2541\">U\u017cytkownik mo\u017ce w ka\u017cdej chwili wycofa\u0107 zgod\u0119 poprzez ustawienia cookies na stronie lub ustawienia przegl\u0105darki.<\/p>\n<ol class=\"ak-ol\" start=\"3\" data-indent-level=\"1\">\n<li>\n<p data-renderer-start-pos=\"2657\">Okres przechowywania danych<\/p>\n<\/li>\n<\/ol>\n<p data-renderer-start-pos=\"2688\">Dane osobowe s\u0105 przechowywane wy\u0142\u0105cznie przez okres niezb\u0119dny do realizacji wskazanych cel\u00f3w lub zgodnie z obowi\u0105zuj\u0105cymi przepisami prawa.<\/p>\n<p data-renderer-start-pos=\"2829\">Logi serwera s\u0105 zazwyczaj przechowywane przez ograniczony czas w celach bezpiecze\u0144stwa, a nast\u0119pnie automatycznie usuwane.<\/p>\n<ol class=\"ak-ol\" start=\"4\" data-indent-level=\"1\">\n<li>\n<p data-renderer-start-pos=\"2955\">Udost\u0119pnianie danych<\/p>\n<\/li>\n<\/ol>\n<p data-renderer-start-pos=\"2979\">Nie sprzedajemy ani nie wynajmujemy danych osobowych. Dane mog\u0105 by\u0107 udost\u0119pniane wy\u0142\u0105cznie:<\/p>\n<p data-renderer-start-pos=\"3072\">podmiotom \u015bwiadcz\u0105cym us\u0142ugi techniczne dzia\u0142aj\u0105cym jako podmioty przetwarzaj\u0105ce,<\/p>\n<p data-renderer-start-pos=\"3155\">gdy wymagaj\u0105 tego obowi\u0105zuj\u0105ce przepisy prawa lub organy publiczne.<\/p>\n<ol class=\"ak-ol\" start=\"5\" data-indent-level=\"1\">\n<li>\n<p data-renderer-start-pos=\"3226\">Przekazywanie danych poza <span class=\"acronym-highlight\">EOG<\/span><\/p>\n<\/li>\n<\/ol>\n<p data-renderer-start-pos=\"3259\">Je\u017celi us\u0142ugi wykorzystywane na stronie powoduj\u0105 przekazywanie danych poza Europejski Obszar Gospodarczy (EOG), transfery takie odbywaj\u0105 si\u0119 wy\u0142\u0105cznie na podstawie odpowiednich zabezpiecze\u0144 zgodnie z art. 44\u201349 RODO.<\/p>\n<ol class=\"ak-ol\" start=\"6\" data-indent-level=\"1\">\n<li>\n<p data-renderer-start-pos=\"3479\">Prawa u\u017cytkownika<\/p>\n<\/li>\n<\/ol>\n<p data-renderer-start-pos=\"3500\">U\u017cytkownikowi przys\u0142uguj\u0105 nast\u0119puj\u0105ce prawa:<\/p>\n<p data-renderer-start-pos=\"3546\">prawo dost\u0119pu do danych (art. 15 RODO)<\/p>\n<p data-renderer-start-pos=\"3586\">prawo do sprostowania danych (art. 16 RODO)<\/p>\n<p data-renderer-start-pos=\"3631\">prawo do usuni\u0119cia danych (art. 17 RODO)<\/p>\n<p data-renderer-start-pos=\"3673\">prawo do ograniczenia przetwarzania (art. 18 RODO)<\/p>\n<p data-renderer-start-pos=\"3725\">prawo do przenoszenia danych (art. 20 RODO)<\/p>\n<p data-renderer-start-pos=\"3770\">prawo sprzeciwu (art. 21 RODO)<\/p>\n<p data-renderer-start-pos=\"3802\">prawo do cofni\u0119cia zgody w dowolnym momencie<\/p>\n<p data-renderer-start-pos=\"3848\">W celu realizacji swoich praw prosimy o kontakt przy u\u017cyciu danych wskazanych powy\u017cej.<\/p>\n<ol class=\"ak-ol\" start=\"7\" data-indent-level=\"1\">\n<li>\n<p data-renderer-start-pos=\"3938\">Prawo wniesienia skargi<\/p>\n<\/li>\n<\/ol>\n<p data-renderer-start-pos=\"3965\">U\u017cytkownik ma prawo wniesienia skargi do organu nadzorczego. W Polsce w\u0142a\u015bciwym organem jest:<\/p>\n<p data-renderer-start-pos=\"4060\">Prezes Urz\u0119du Ochrony Danych Osobowych (<span class=\"acronym-highlight\">UODO<\/span>)<\/p>\n<p data-renderer-start-pos=\"4107\">ul. Stawki 2<\/p>\n<p data-renderer-start-pos=\"4121\">00-193 Warszawa<\/p>\n<p data-renderer-start-pos=\"4138\">Polska<\/p>\n<p data-renderer-start-pos=\"4146\"><a class=\"_ymio1r31 _ypr0glyw _zcxs1o36 _mizu194a _1ah3dkaa _ra3xnqa1 _128mdkaa _1cvmnqa1 _4davt94y _4bfu18uv _1hms8stv _ajmmnqa1 _vchhusvi _kqswh2mm _ect4ttxp _syaz13af _1a3b18uv _4fpr8stv _5goinqa1 _f8pj13af _9oik18uv _1bnxglyw _jf4cnqa1 _30l313af _1nrm18uv _c2waglyw _1iohnqa1 _9h8h12zz _10531ra0 _1ien1ra0 _n0fx1ra0 _1vhv17z1\" title=\"https:\/\/uodo.gov.pl\" href=\"https:\/\/uodo.gov.pl\/\" data-renderer-mark=\"true\">https:\/\/uodo.gov.pl<\/a><\/p>\n<ol class=\"ak-ol\" start=\"8\" data-indent-level=\"1\">\n<li>\n<p data-renderer-start-pos=\"4169\">\u015arodki bezpiecze\u0144stwa<\/p>\n<\/li>\n<\/ol>\n<p data-renderer-start-pos=\"4194\">Stosujemy odpowiednie \u015brodki techniczne i organizacyjne w celu ochrony danych osobowych przed utrat\u0105, niew\u0142a\u015bciwym u\u017cyciem lub nieuprawnionym dost\u0119pem.<\/p>\n<ol class=\"ak-ol\" start=\"9\" data-indent-level=\"1\">\n<li>\n<p data-renderer-start-pos=\"4349\">Zmiany Polityki Prywatno\u015bci<\/p>\n<\/li>\n<\/ol>\n<p data-renderer-start-pos=\"4380\">Zastrzegamy sobie prawo do aktualizacji niniejszej Polityki Prywatno\u015bci w celu dostosowania jej do zmian prawnych lub zmian w \u015bwiadczonych us\u0142ugach. Aktualna wersja jest zawsze dost\u0119pna na tej stronie.<\/p>\n<p data-renderer-start-pos=\"4583\">Uwaga: Przed publikacj\u0105 nale\u017cy zast\u0105pi\u0107 wszystkie pola w nawiasach rzeczywistymi danymi firmy.<\/p>\n","protected":false},"excerpt":{"rendered":"Polityka Prywatno\u015bci Ostatnia aktualizacja: 25.02.2026 Niniejsza Polityka Prywatno\u015bci wyja\u015bnia, w jaki spos\u00f3b dane osobowe s\u0105 zbierane, wykorzystywane i chronione podczas korzystania z niniejszej strony internetowej prowadzonej przez: Nazwa firmy: Avides.pl Sp. z o.o. Adres siedziby: ul. Magazynowa 7 80-180 Kowale Polska E-mail: biuro@avides.com Strona internetowa: https:\/\/www.avides.com\/ Firma jest administratorem danych osobowych w rozumieniu Rozporz\u0105dzenia Parlamentu&#8230; <a class=\"view-article\" href=\"https:\/\/www.avides.com\/pl\/oswiadczenie-o-ochronie-danych-osobowych\/\">View Article<\/a>","protected":false},"author":13,"featured_media":0,"parent":0,"menu_order":0,"comment_status":"closed","ping_status":"closed","template":"template-textpage.php","meta":{"_acf_changed":false,"footnotes":""},"class_list":["post-3848","page","type-page","status-publish","hentry"],"acf":[],"yoast_head":"<!-- This site is optimized with the Yoast SEO plugin v27.3 - https:\/\/yoast.com\/product\/yoast-seo-wordpress\/ -->\n<title>O\u015bwiadczenie o ochronie danych osobowych<\/title>\n<meta name=\"robots\" content=\"index, follow, max-snippet:-1, max-image-preview:large, max-video-preview:-1\" \/>\n<link rel=\"canonical\" href=\"https:\/\/www.avides.com\/pl\/oswiadczenie-o-ochronie-danych-osobowych\/\" \/>\n<meta property=\"og:locale\" content=\"pl_PL\" \/>\n<meta property=\"og:type\" content=\"article\" \/>\n<meta property=\"og:title\" content=\"O\u015bwiadczenie o ochronie danych osobowych\" \/>\n<meta property=\"og:description\" content=\"Polityka Prywatno\u015bci Ostatnia aktualizacja: 25.02.2026 Niniejsza Polityka Prywatno\u015bci wyja\u015bnia, w jaki spos\u00f3b dane osobowe s\u0105 zbierane, wykorzystywane i chronione podczas korzystania z niniejszej strony internetowej prowadzonej przez: Nazwa firmy: Avides.pl Sp. z o.o. Adres siedziby: ul. Magazynowa 7 80-180 Kowale Polska E-mail: biuro@avides.com Strona internetowa: https:\/\/www.avides.com\/ Firma jest administratorem danych osobowych w rozumieniu Rozporz\u0105dzenia Parlamentu... View Article\" \/>\n<meta property=\"og:url\" content=\"https:\/\/www.avides.com\/pl\/oswiadczenie-o-ochronie-danych-osobowych\/\" \/>\n<meta property=\"og:site_name\" content=\"AVIDES\" \/>\n<meta property=\"article:modified_time\" content=\"2026-02-25T16:11:36+00:00\" \/>\n<meta name=\"twitter:label1\" content=\"Szacowany czas czytania\" \/>\n\t<meta name=\"twitter:data1\" content=\"3 minuty\" \/>\n<script type=\"application\/ld+json\" class=\"yoast-schema-graph\">{\"@context\":\"https:\\\/\\\/schema.org\",\"@graph\":[{\"@type\":\"WebPage\",\"@id\":\"https:\\\/\\\/www.avides.com\\\/pl\\\/oswiadczenie-o-ochronie-danych-osobowych\\\/\",\"url\":\"https:\\\/\\\/www.avides.com\\\/pl\\\/oswiadczenie-o-ochronie-danych-osobowych\\\/\",\"name\":\"O\u015bwiadczenie o ochronie danych osobowych\",\"isPartOf\":{\"@id\":\"https:\\\/\\\/www.avides.com\\\/pl\\\/#website\"},\"datePublished\":\"2026-02-25T16:10:18+00:00\",\"dateModified\":\"2026-02-25T16:11:36+00:00\",\"breadcrumb\":{\"@id\":\"https:\\\/\\\/www.avides.com\\\/pl\\\/oswiadczenie-o-ochronie-danych-osobowych\\\/#breadcrumb\"},\"inLanguage\":\"pl-PL\",\"potentialAction\":[{\"@type\":\"ReadAction\",\"target\":[\"https:\\\/\\\/www.avides.com\\\/pl\\\/oswiadczenie-o-ochronie-danych-osobowych\\\/\"]}]},{\"@type\":\"BreadcrumbList\",\"@id\":\"https:\\\/\\\/www.avides.com\\\/pl\\\/oswiadczenie-o-ochronie-danych-osobowych\\\/#breadcrumb\",\"itemListElement\":[{\"@type\":\"ListItem\",\"position\":1,\"name\":\"Home\",\"item\":\"https:\\\/\\\/www.avides.com\\\/pl\\\/\"},{\"@type\":\"ListItem\",\"position\":2,\"name\":\"O\u015bwiadczenie o ochronie danych osobowych\"}]},{\"@type\":\"WebSite\",\"@id\":\"https:\\\/\\\/www.avides.com\\\/pl\\\/#website\",\"url\":\"https:\\\/\\\/www.avides.com\\\/pl\\\/\",\"name\":\"AVIDES\",\"description\":\"Your Trade Solution Partner\",\"potentialAction\":[{\"@type\":\"SearchAction\",\"target\":{\"@type\":\"EntryPoint\",\"urlTemplate\":\"https:\\\/\\\/www.avides.com\\\/pl\\\/?s={search_term_string}\"},\"query-input\":{\"@type\":\"PropertyValueSpecification\",\"valueRequired\":true,\"valueName\":\"search_term_string\"}}],\"inLanguage\":\"pl-PL\"}]}<\/script>\n<!-- \/ Yoast SEO plugin. -->","yoast_head_json":{"title":"O\u015bwiadczenie o ochronie danych osobowych","robots":{"index":"index","follow":"follow","max-snippet":"max-snippet:-1","max-image-preview":"max-image-preview:large","max-video-preview":"max-video-preview:-1"},"canonical":"https:\/\/www.avides.com\/pl\/oswiadczenie-o-ochronie-danych-osobowych\/","og_locale":"pl_PL","og_type":"article","og_title":"O\u015bwiadczenie o ochronie danych osobowych","og_description":"Polityka Prywatno\u015bci Ostatnia aktualizacja: 25.02.2026 Niniejsza Polityka Prywatno\u015bci wyja\u015bnia, w jaki spos\u00f3b dane osobowe s\u0105 zbierane, wykorzystywane i chronione podczas korzystania z niniejszej strony internetowej prowadzonej przez: Nazwa firmy: Avides.pl Sp. z o.o. Adres siedziby: ul. Magazynowa 7 80-180 Kowale Polska E-mail: biuro@avides.com Strona internetowa: https:\/\/www.avides.com\/ Firma jest administratorem danych osobowych w rozumieniu Rozporz\u0105dzenia Parlamentu... View Article","og_url":"https:\/\/www.avides.com\/pl\/oswiadczenie-o-ochronie-danych-osobowych\/","og_site_name":"AVIDES","article_modified_time":"2026-02-25T16:11:36+00:00","twitter_misc":{"Szacowany czas czytania":"3 minuty"},"schema":{"@context":"https:\/\/schema.org","@graph":[{"@type":"WebPage","@id":"https:\/\/www.avides.com\/pl\/oswiadczenie-o-ochronie-danych-osobowych\/","url":"https:\/\/www.avides.com\/pl\/oswiadczenie-o-ochronie-danych-osobowych\/","name":"O\u015bwiadczenie o ochronie danych osobowych","isPartOf":{"@id":"https:\/\/www.avides.com\/pl\/#website"},"datePublished":"2026-02-25T16:10:18+00:00","dateModified":"2026-02-25T16:11:36+00:00","breadcrumb":{"@id":"https:\/\/www.avides.com\/pl\/oswiadczenie-o-ochronie-danych-osobowych\/#breadcrumb"},"inLanguage":"pl-PL","potentialAction":[{"@type":"ReadAction","target":["https:\/\/www.avides.com\/pl\/oswiadczenie-o-ochronie-danych-osobowych\/"]}]},{"@type":"BreadcrumbList","@id":"https:\/\/www.avides.com\/pl\/oswiadczenie-o-ochronie-danych-osobowych\/#breadcrumb","itemListElement":[{"@type":"ListItem","position":1,"name":"Home","item":"https:\/\/www.avides.com\/pl\/"},{"@type":"ListItem","position":2,"name":"O\u015bwiadczenie o ochronie danych osobowych"}]},{"@type":"WebSite","@id":"https:\/\/www.avides.com\/pl\/#website","url":"https:\/\/www.avides.com\/pl\/","name":"AVIDES","description":"Your Trade Solution Partner","potentialAction":[{"@type":"SearchAction","target":{"@type":"EntryPoint","urlTemplate":"https:\/\/www.avides.com\/pl\/?s={search_term_string}"},"query-input":{"@type":"PropertyValueSpecification","valueRequired":true,"valueName":"search_term_string"}}],"inLanguage":"pl-PL"}]}},"_links":{"self":[{"href":"https:\/\/www.avides.com\/pl\/wp-json\/wp\/v2\/pages\/3848","targetHints":{"allow":["GET"]}}],"collection":[{"href":"https:\/\/www.avides.com\/pl\/wp-json\/wp\/v2\/pages"}],"about":[{"href":"https:\/\/www.avides.com\/pl\/wp-json\/wp\/v2\/types\/page"}],"author":[{"embeddable":true,"href":"https:\/\/www.avides.com\/pl\/wp-json\/wp\/v2\/users\/13"}],"replies":[{"embeddable":true,"href":"https:\/\/www.avides.com\/pl\/wp-json\/wp\/v2\/comments?post=3848"}],"version-history":[{"count":2,"href":"https:\/\/www.avides.com\/pl\/wp-json\/wp\/v2\/pages\/3848\/revisions"}],"predecessor-version":[{"id":3851,"href":"https:\/\/www.avides.com\/pl\/wp-json\/wp\/v2\/pages\/3848\/revisions\/3851"}],"wp:attachment":[{"href":"https:\/\/www.avides.com\/pl\/wp-json\/wp\/v2\/media?parent=3848"}],"curies":[{"name":"wp","href":"https:\/\/api.w.org\/{rel}","templated":true}]}}